{"id":2523,"date":"2023-02-11T21:35:49","date_gmt":"2023-02-11T20:35:49","guid":{"rendered":"https:\/\/www.musicart-vienna.com\/?page_id=2523"},"modified":"2023-02-15T20:55:25","modified_gmt":"2023-02-15T19:55:25","slug":"female-vocal-producing","status":"publish","type":"page","link":"https:\/\/www.musicart-vienna.com\/de\/female-vocal-producing\/","title":{"rendered":"Female Vocal Producing"},"content":{"rendered":"<div data-elementor-type=\"wp-page\" data-elementor-id=\"2523\" class=\"elementor elementor-2523\">\n\t\t\t\t\t\t\t\t\t<section class=\"elementor-section elementor-top-section elementor-element elementor-element-bd522da elementor-section-boxed elementor-section-height-default elementor-section-height-default\" data-id=\"bd522da\" data-element_type=\"section\">\n\t\t\t\t\t\t<div class=\"elementor-container elementor-column-gap-default\">\n\t\t\t\t\t<div class=\"elementor-column elementor-col-100 elementor-top-column elementor-element elementor-element-8e1a1cc\" data-id=\"8e1a1cc\" data-element_type=\"column\">\n\t\t\t<div class=\"elementor-widget-wrap elementor-element-populated\">\n\t\t\t\t\t\t\t\t<div class=\"elementor-element elementor-element-fdc4b7c elementor-widget elementor-widget-spacer\" data-id=\"fdc4b7c\" data-element_type=\"widget\" data-widget_type=\"spacer.default\">\n\t\t\t\t<div class=\"elementor-widget-container\">\n\t\t\t<style>\/*! elementor - v3.18.0 - 20-12-2023 *\/\n.elementor-column .elementor-spacer-inner{height:var(--spacer-size)}.e-con{--container-widget-width:100%}.e-con-inner>.elementor-widget-spacer,.e-con>.elementor-widget-spacer{width:var(--container-widget-width,var(--spacer-size));--align-self:var(--container-widget-align-self,initial);--flex-shrink:0}.e-con-inner>.elementor-widget-spacer>.elementor-widget-container,.e-con>.elementor-widget-spacer>.elementor-widget-container{height:100%;width:100%}.e-con-inner>.elementor-widget-spacer>.elementor-widget-container>.elementor-spacer,.e-con>.elementor-widget-spacer>.elementor-widget-container>.elementor-spacer{height:100%}.e-con-inner>.elementor-widget-spacer>.elementor-widget-container>.elementor-spacer>.elementor-spacer-inner,.e-con>.elementor-widget-spacer>.elementor-widget-container>.elementor-spacer>.elementor-spacer-inner{height:var(--container-widget-height,var(--spacer-size))}.e-con-inner>.elementor-widget-spacer.elementor-widget-empty,.e-con>.elementor-widget-spacer.elementor-widget-empty{position:relative;min-height:22px;min-width:22px}.e-con-inner>.elementor-widget-spacer.elementor-widget-empty .elementor-widget-empty-icon,.e-con>.elementor-widget-spacer.elementor-widget-empty .elementor-widget-empty-icon{position:absolute;top:0;bottom:0;left:0;right:0;margin:auto;padding:0;width:22px;height:22px}<\/style>\t\t<div class=\"elementor-spacer\">\n\t\t\t<div class=\"elementor-spacer-inner\"><\/div>\n\t\t<\/div>\n\t\t\t\t<\/div>\n\t\t\t\t<\/div>\n\t\t\t\t<div class=\"elementor-element elementor-element-afaf1a4 elementor-widget elementor-widget-text-editor\" data-id=\"afaf1a4\" data-element_type=\"widget\" data-widget_type=\"text-editor.default\">\n\t\t\t\t<div class=\"elementor-widget-container\">\n\t\t\t<style>\/*! elementor - v3.18.0 - 20-12-2023 *\/\n.elementor-widget-text-editor.elementor-drop-cap-view-stacked .elementor-drop-cap{background-color:#69727d;color:#fff}.elementor-widget-text-editor.elementor-drop-cap-view-framed .elementor-drop-cap{color:#69727d;border:3px solid;background-color:transparent}.elementor-widget-text-editor:not(.elementor-drop-cap-view-default) .elementor-drop-cap{margin-top:8px}.elementor-widget-text-editor:not(.elementor-drop-cap-view-default) .elementor-drop-cap-letter{width:1em;height:1em}.elementor-widget-text-editor .elementor-drop-cap{float:left;text-align:center;line-height:1;font-size:50px}.elementor-widget-text-editor .elementor-drop-cap-letter{display:inline-block}<\/style>\t\t\t\t<p>Female Vocal Producing<\/p>\t\t\t\t\t\t<\/div>\n\t\t\t\t<\/div>\n\t\t\t\t<div class=\"elementor-element elementor-element-6eb52b7 elementor-widget elementor-widget-text-editor\" data-id=\"6eb52b7\" data-element_type=\"widget\" data-widget_type=\"text-editor.default\">\n\t\t\t\t<div class=\"elementor-widget-container\">\n\t\t\t\t\t\t\t<p>a radically new approach to producing<\/p>\t\t\t\t\t\t<\/div>\n\t\t\t\t<\/div>\n\t\t\t\t\t<\/div>\n\t\t<\/div>\n\t\t\t\t\t\t\t<\/div>\n\t\t<\/section>\n\t\t\t\t<section class=\"elementor-section elementor-top-section elementor-element elementor-element-5d0a2e4 elementor-section-boxed elementor-section-height-default elementor-section-height-default\" data-id=\"5d0a2e4\" data-element_type=\"section\">\n\t\t\t\t\t\t<div class=\"elementor-container elementor-column-gap-default\">\n\t\t\t\t\t<div class=\"elementor-column elementor-col-50 elementor-top-column elementor-element elementor-element-fb0e902\" data-id=\"fb0e902\" data-element_type=\"column\">\n\t\t\t<div class=\"elementor-widget-wrap elementor-element-populated\">\n\t\t\t\t\t\t\t\t<div class=\"elementor-element elementor-element-e183329 elementor-widget elementor-widget-image\" data-id=\"e183329\" data-element_type=\"widget\" data-widget_type=\"image.default\">\n\t\t\t\t<div class=\"elementor-widget-container\">\n\t\t\t<style>\/*! elementor - v3.18.0 - 20-12-2023 *\/\n.elementor-widget-image{text-align:center}.elementor-widget-image a{display:inline-block}.elementor-widget-image a img[src$=\".svg\"]{width:48px}.elementor-widget-image img{vertical-align:middle;display:inline-block}<\/style>\t\t\t\t\t\t\t\t\t\t\t\t<img fetchpriority=\"high\" decoding=\"async\" width=\"225\" height=\"300\" src=\"https:\/\/www.musicart-vienna.com\/wp-content\/uploads\/2023\/02\/VocProdEdit-225x300.jpg\" class=\"attachment-medium size-medium wp-image-2461\" alt=\"\" srcset=\"https:\/\/www.musicart-vienna.com\/wp-content\/uploads\/2023\/02\/VocProdEdit-225x300.jpg 225w, https:\/\/www.musicart-vienna.com\/wp-content\/uploads\/2023\/02\/VocProdEdit-769x1024.jpg 769w, https:\/\/www.musicart-vienna.com\/wp-content\/uploads\/2023\/02\/VocProdEdit-768x1022.jpg 768w, https:\/\/www.musicart-vienna.com\/wp-content\/uploads\/2023\/02\/VocProdEdit-1154x1536.jpg 1154w, https:\/\/www.musicart-vienna.com\/wp-content\/uploads\/2023\/02\/VocProdEdit-1538x2048.jpg 1538w, https:\/\/www.musicart-vienna.com\/wp-content\/uploads\/2023\/02\/VocProdEdit-9x12.jpg 9w, https:\/\/www.musicart-vienna.com\/wp-content\/uploads\/2023\/02\/VocProdEdit-518x690.jpg 518w, https:\/\/www.musicart-vienna.com\/wp-content\/uploads\/2023\/02\/VocProdEdit.jpg 1923w\" sizes=\"(max-width: 225px) 100vw, 225px\" \/>\t\t\t\t\t\t\t\t\t\t\t\t\t\t\t<\/div>\n\t\t\t\t<\/div>\n\t\t\t\t\t<\/div>\n\t\t<\/div>\n\t\t\t\t<div class=\"elementor-column elementor-col-50 elementor-top-column elementor-element elementor-element-870c1bf\" data-id=\"870c1bf\" data-element_type=\"column\">\n\t\t\t<div class=\"elementor-widget-wrap elementor-element-populated\">\n\t\t\t\t\t\t\t\t<div class=\"elementor-element elementor-element-5f0289c elementor-widget elementor-widget-text-editor\" data-id=\"5f0289c\" data-element_type=\"widget\" data-widget_type=\"text-editor.default\">\n\t\t\t\t<div class=\"elementor-widget-container\">\n\t\t\t\t\t\t\t<p>Hast du das Gef\u00fchl, dass du beim Recorden oft nicht zu deinem optimalen Ausdruck findest und dein stimmliches Potential nicht voll aussch\u00f6pfen kannst?<br \/><br \/>Das nennen wir das &#8220;alles geht schlechter als zuhause&#8221; &#8211; Syndrom, und das kann ge\u00e4ndert werden!<br \/><br \/>Recording ist in Wahrheit ein tiefgreifendes und lustvolles Erlebnis.<\/p>\t\t\t\t\t\t<\/div>\n\t\t\t\t<\/div>\n\t\t\t\t\t<\/div>\n\t\t<\/div>\n\t\t\t\t\t\t\t<\/div>\n\t\t<\/section>\n\t\t\t\t<section class=\"elementor-section elementor-top-section elementor-element elementor-element-9898116 elementor-section-boxed elementor-section-height-default elementor-section-height-default\" data-id=\"9898116\" data-element_type=\"section\">\n\t\t\t\t\t\t<div class=\"elementor-container elementor-column-gap-default\">\n\t\t\t\t\t<div class=\"elementor-column elementor-col-100 elementor-top-column elementor-element elementor-element-0a7d940\" data-id=\"0a7d940\" data-element_type=\"column\">\n\t\t\t<div class=\"elementor-widget-wrap elementor-element-populated\">\n\t\t\t\t\t\t\t\t<div class=\"elementor-element elementor-element-9998cfd elementor-widget elementor-widget-text-editor\" data-id=\"9998cfd\" data-element_type=\"widget\" data-widget_type=\"text-editor.default\">\n\t\t\t\t<div class=\"elementor-widget-container\">\n\t\t\t\t\t\t\t<p><span style=\"color: #0fcfd9;\">In der Vorbereitung:<\/span><\/p><p style=\"padding-left: 40px;\">* Hast du dir schon mal Gedanken dar\u00fcber gemacht, was f\u00fcr ein Setting dir beim Singen\/Musizieren am angenehmsten w\u00e4re?<br \/>* Wie soll die Beleuchtung sein? Strahlend hell oder eher warm &amp; gedimmt?<br \/>* Singst\/spielst du lieber in die Weite des Raumes? Oder f\u00fchlst du dich in einer kuscheligen H\u00f6hle eher zu H\u00f6chstleistungen inspiriert?<br \/>*Hast du es lieber wohlig warm oder angenehm k\u00fchl beim arbeiten?<br \/>* Kennst du das optimale Mikrofon f\u00fcr deine Stimme?<br \/>* Nimmst du dir genug Zeit f\u00fcr den Kopfh\u00f6rer Mix? Die richtige Balance zu finden, deine Stimme\/dein Instrument in den idealen Klangraum zu stellen (Effektierung), den sch\u00f6nsten Sound f\u00fcr dich zu finden, all diese Elemente sind absolut entscheidend f\u00fcr deine Performance.<\/p><p><span style=\"color: #0fcfd9;\">Beim Producen:<\/span><\/p><p>Manchmal reicht Pepp Talk einfach nicht.<br \/>\u201eDu schaffst das\u201c, \u201eGib dein Alles\u2026\u201c, \u201eStell dir vor du gehst durch\u2026&#8221;, \u201eVersetz dich in das Gef\u00fchl hinein\u2026\u201c, sind vielverwendete Tools die oft nicht wirklich ausreichen. Mitunter erzeught diese Art von Motivationstalk sogar noch mehr Druck und Frustration, wenn man es trotz allem nicht schafft. So wie bei Dichtern oder Komponisten zahllose Entw\u00fcrfe im M\u00fcll landen, so d\u00fcrfen auch wir Musiker*innen Aufnahmen einfach l\u00f6schen. Erst wenn wir uns den Raum geben so richtig Falsches zu liefern, werden wir frei unsere Genialit\u00e4t zu leben.<br \/>Manchmal m\u00fcssen wir unsere Grenzen voll und ganz erleben, um sie von Innen heraus sprengen zu k\u00f6nnen.<\/p><p><span style=\"color: #0fcfd9;\">Stell dir vor du hast ein Team:<\/span><\/p><p style=\"padding-left: 40px;\">&#8211;&gt; das dir hilft, Leistungsdruck und Nervosit\u00e4t zu \u00fcberwinden<br \/>&#8211;&gt; das dir Raum f\u00fcr emotionale oder &#8220;handwerkliche&#8221; Breakdowns gibt<br \/>&#8211;&gt; das dich mit allen Sinnen wahrnimmt und dir genau zuh\u00f6rt<br \/>&#8211;&gt; das in der Lage ist, pr\u00e4zise Diagnosen zu stellen<br \/>&#8211;&gt; das erkennt, in welchen Bereichen du Input brauchst<br \/>&#8211;&gt; das dir konkretes und pr\u00e4zises stimmtechnisches Input geben kann<br \/>&#8211;&gt; das dir die richtigen Fragen stellt, damit du zu deiner k\u00fcnstlerischen Klarheit findest<\/p><p>All das und mehr bieten wir dir.<\/p><p><span style=\"color: #0fcfd9;\">Erlebe den sicheren Raum von Female Vocal Producing mit dem Team Bobal \/\/ Elf (aka Natalie Jean-Marain).<\/span><br \/>Wir bieten dir den gesch\u00fctzen Rahmen unseres Tonstudios, wo recorden zu einer ganz neuen Erfahrung f\u00fcr dich wird und du ganz sicherlich deine optimale Leistung in allen Bereichen (Ausdruck, Stimme &amp; more) erreichen, vielleicht sogar sprengen wirst.<\/p><p>Inkludiert in unserem Package sind immer In Studio Vocal Coaching, Auswahl, Schnitt, Lautst\u00e4rkenanpassung und Aufbereitung der Spuren f\u00fcr deinen Mixing Engineer.<br \/>Optional m\u00f6glich, jedoch nicht inkludiert im Package Preis sind Pitch Correct, EQing, Timing Korrekturen, Alignment von Dubspuren.<\/p>\t\t\t\t\t\t<\/div>\n\t\t\t\t<\/div>\n\t\t\t\t\t<\/div>\n\t\t<\/div>\n\t\t\t\t\t\t\t<\/div>\n\t\t<\/section>\n\t\t\t\t<section class=\"elementor-section elementor-top-section elementor-element elementor-element-4d20376 elementor-section-boxed elementor-section-height-default elementor-section-height-default\" data-id=\"4d20376\" data-element_type=\"section\">\n\t\t\t\t\t\t<div class=\"elementor-container elementor-column-gap-default\">\n\t\t\t\t\t<div class=\"elementor-column elementor-col-50 elementor-top-column elementor-element elementor-element-091d289\" data-id=\"091d289\" data-element_type=\"column\">\n\t\t\t<div class=\"elementor-widget-wrap elementor-element-populated\">\n\t\t\t\t\t\t\t\t<div class=\"elementor-element elementor-element-54be6f5 elementor-widget elementor-widget-text-editor\" data-id=\"54be6f5\" data-element_type=\"widget\" data-widget_type=\"text-editor.default\">\n\t\t\t\t<div class=\"elementor-widget-container\">\n\t\t\t\t\t\t\t<p style=\"text-align: center;\">Buch jetzt deinen Zoom Call um deine Producing Bed\u00fcrfnisse mit uns zu besprechen!<\/p>\t\t\t\t\t\t<\/div>\n\t\t\t\t<\/div>\n\t\t\t\t\t<\/div>\n\t\t<\/div>\n\t\t\t\t<div class=\"elementor-column elementor-col-50 elementor-top-column elementor-element elementor-element-e0ac454\" data-id=\"e0ac454\" data-element_type=\"column\">\n\t\t\t<div class=\"elementor-widget-wrap elementor-element-populated\">\n\t\t\t\t\t\t\t\t<div class=\"elementor-element elementor-element-f7b2a1a elementor-align-center elementor-widget elementor-widget-button\" data-id=\"f7b2a1a\" data-element_type=\"widget\" data-widget_type=\"button.default\">\n\t\t\t\t<div class=\"elementor-widget-container\">\n\t\t\t\t\t<div class=\"elementor-button-wrapper\">\n\t\t\t<a class=\"elementor-button elementor-button-link elementor-size-sm\" href=\"mailto:office@musicart-vienna.com?subject=Webseiten-Anfrage-Zoom-Call-Producing\" target=\"_blank\">\n\t\t\t\t\t\t<span class=\"elementor-button-content-wrapper\">\n\t\t\t\t\t\t<span class=\"elementor-button-icon elementor-align-icon-left\">\n\t\t\t\t<svg aria-hidden=\"true\" class=\"e-font-icon-svg e-far-envelope\" viewbox=\"0 0 512 512\" xmlns=\"http:\/\/www.w3.org\/2000\/svg\"><path d=\"M464 64H48C21.49 64 0 85.49 0 112v288c0 26.51 21.49 48 48 48h416c26.51 0 48-21.49 48-48V112c0-26.51-21.49-48-48-48zm0 48v40.805c-22.422 18.259-58.168 46.651-134.587 106.49-16.841 13.247-50.201 45.072-73.413 44.701-23.208.375-56.579-31.459-73.413-44.701C106.18 199.465 70.425 171.067 48 152.805V112h416zM48 400V214.398c22.914 18.251 55.409 43.862 104.938 82.646 21.857 17.205 60.134 55.186 103.062 54.955 42.717.231 80.509-37.199 103.053-54.947 49.528-38.783 82.032-64.401 104.947-82.653V400H48z\"><\/path><\/svg>\t\t\t<\/span>\n\t\t\t\t\t\t<span class=\"elementor-button-text\">buche einen Zoom Call<\/span>\n\t\t<\/span>\n\t\t\t\t\t<\/a>\n\t\t<\/div>\n\t\t\t\t<\/div>\n\t\t\t\t<\/div>\n\t\t\t\t\t<\/div>\n\t\t<\/div>\n\t\t\t\t\t\t\t<\/div>\n\t\t<\/section>\n\t\t\t\t\t\t\t<\/div>","protected":false},"excerpt":{"rendered":"<p>Female Vocal Producing a radically new approach to producing Hast du das Gef\u00fchl, dass du beim Recorden oft nicht zu deinem optimalen Ausdruck&hellip;<\/p>","protected":false},"author":1,"featured_media":0,"parent":0,"menu_order":0,"comment_status":"closed","ping_status":"closed","template":"elementor_canvas","meta":{"footnotes":""},"class_list":["post-2523","page","type-page","status-publish","hentry"],"_links":{"self":[{"href":"https:\/\/www.musicart-vienna.com\/de\/wp-json\/wp\/v2\/pages\/2523"}],"collection":[{"href":"https:\/\/www.musicart-vienna.com\/de\/wp-json\/wp\/v2\/pages"}],"about":[{"href":"https:\/\/www.musicart-vienna.com\/de\/wp-json\/wp\/v2\/types\/page"}],"author":[{"embeddable":true,"href":"https:\/\/www.musicart-vienna.com\/de\/wp-json\/wp\/v2\/users\/1"}],"replies":[{"embeddable":true,"href":"https:\/\/www.musicart-vienna.com\/de\/wp-json\/wp\/v2\/comments?post=2523"}],"version-history":[{"count":38,"href":"https:\/\/www.musicart-vienna.com\/de\/wp-json\/wp\/v2\/pages\/2523\/revisions"}],"predecessor-version":[{"id":2717,"href":"https:\/\/www.musicart-vienna.com\/de\/wp-json\/wp\/v2\/pages\/2523\/revisions\/2717"}],"wp:attachment":[{"href":"https:\/\/www.musicart-vienna.com\/de\/wp-json\/wp\/v2\/media?parent=2523"}],"curies":[{"name":"wp","href":"https:\/\/api.w.org\/{rel}","templated":true}]}}