{"id":2451,"date":"2023-02-09T21:48:27","date_gmt":"2023-02-09T20:48:27","guid":{"rendered":"https:\/\/www.musicart-vienna.com\/?page_id=2451"},"modified":"2023-03-14T18:37:44","modified_gmt":"2023-03-14T17:37:44","slug":"embodied-voice","status":"publish","type":"page","link":"https:\/\/www.musicart-vienna.com\/de\/embodied-voice\/","title":{"rendered":"Embodied Voice"},"content":{"rendered":"<div data-elementor-type=\"wp-page\" data-elementor-id=\"2451\" class=\"elementor elementor-2451\">\n\t\t\t\t\t\t\t\t\t<section class=\"elementor-section elementor-top-section elementor-element elementor-element-603762c elementor-section-boxed elementor-section-height-default elementor-section-height-default\" data-id=\"603762c\" data-element_type=\"section\">\n\t\t\t\t\t\t<div class=\"elementor-container elementor-column-gap-default\">\n\t\t\t\t\t<div class=\"elementor-column elementor-col-100 elementor-top-column elementor-element elementor-element-8f13a49\" data-id=\"8f13a49\" data-element_type=\"column\">\n\t\t\t<div class=\"elementor-widget-wrap elementor-element-populated\">\n\t\t\t\t\t\t\t\t<div class=\"elementor-element elementor-element-2a1578b elementor-widget elementor-widget-spacer\" data-id=\"2a1578b\" data-element_type=\"widget\" data-widget_type=\"spacer.default\">\n\t\t\t\t<div class=\"elementor-widget-container\">\n\t\t\t<style>\/*! elementor - v3.18.0 - 20-12-2023 *\/\n.elementor-column .elementor-spacer-inner{height:var(--spacer-size)}.e-con{--container-widget-width:100%}.e-con-inner>.elementor-widget-spacer,.e-con>.elementor-widget-spacer{width:var(--container-widget-width,var(--spacer-size));--align-self:var(--container-widget-align-self,initial);--flex-shrink:0}.e-con-inner>.elementor-widget-spacer>.elementor-widget-container,.e-con>.elementor-widget-spacer>.elementor-widget-container{height:100%;width:100%}.e-con-inner>.elementor-widget-spacer>.elementor-widget-container>.elementor-spacer,.e-con>.elementor-widget-spacer>.elementor-widget-container>.elementor-spacer{height:100%}.e-con-inner>.elementor-widget-spacer>.elementor-widget-container>.elementor-spacer>.elementor-spacer-inner,.e-con>.elementor-widget-spacer>.elementor-widget-container>.elementor-spacer>.elementor-spacer-inner{height:var(--container-widget-height,var(--spacer-size))}.e-con-inner>.elementor-widget-spacer.elementor-widget-empty,.e-con>.elementor-widget-spacer.elementor-widget-empty{position:relative;min-height:22px;min-width:22px}.e-con-inner>.elementor-widget-spacer.elementor-widget-empty .elementor-widget-empty-icon,.e-con>.elementor-widget-spacer.elementor-widget-empty .elementor-widget-empty-icon{position:absolute;top:0;bottom:0;left:0;right:0;margin:auto;padding:0;width:22px;height:22px}<\/style>\t\t<div class=\"elementor-spacer\">\n\t\t\t<div class=\"elementor-spacer-inner\"><\/div>\n\t\t<\/div>\n\t\t\t\t<\/div>\n\t\t\t\t<\/div>\n\t\t\t\t<div class=\"elementor-element elementor-element-59e37e8 elementor-widget elementor-widget-text-editor\" data-id=\"59e37e8\" data-element_type=\"widget\" data-widget_type=\"text-editor.default\">\n\t\t\t\t<div class=\"elementor-widget-container\">\n\t\t\t<style>\/*! elementor - v3.18.0 - 20-12-2023 *\/\n.elementor-widget-text-editor.elementor-drop-cap-view-stacked .elementor-drop-cap{background-color:#69727d;color:#fff}.elementor-widget-text-editor.elementor-drop-cap-view-framed .elementor-drop-cap{color:#69727d;border:3px solid;background-color:transparent}.elementor-widget-text-editor:not(.elementor-drop-cap-view-default) .elementor-drop-cap{margin-top:8px}.elementor-widget-text-editor:not(.elementor-drop-cap-view-default) .elementor-drop-cap-letter{width:1em;height:1em}.elementor-widget-text-editor .elementor-drop-cap{float:left;text-align:center;line-height:1;font-size:50px}.elementor-widget-text-editor .elementor-drop-cap-letter{display:inline-block}<\/style>\t\t\t\tEMBODIED VOICE <sup>TM<\/sup> &#8211; The Vocal Coaching Revolution\n\n\t\t\t\t\t\t<\/div>\n\t\t\t\t<\/div>\n\t\t\t\t<div class=\"elementor-element elementor-element-ff9b3fe elementor-widget elementor-widget-text-editor\" data-id=\"ff9b3fe\" data-element_type=\"widget\" data-widget_type=\"text-editor.default\">\n\t\t\t\t<div class=\"elementor-widget-container\">\n\t\t\t\t\t\t\t<p>a radically new approach to singing<\/p>\t\t\t\t\t\t<\/div>\n\t\t\t\t<\/div>\n\t\t\t\t\t<\/div>\n\t\t<\/div>\n\t\t\t\t\t\t\t<\/div>\n\t\t<\/section>\n\t\t\t\t<section class=\"elementor-section elementor-top-section elementor-element elementor-element-ee02007 elementor-section-boxed elementor-section-height-default elementor-section-height-default\" data-id=\"ee02007\" data-element_type=\"section\">\n\t\t\t\t\t\t<div class=\"elementor-container elementor-column-gap-default\">\n\t\t\t\t\t<div class=\"elementor-column elementor-col-50 elementor-top-column elementor-element elementor-element-8ef0b2f\" data-id=\"8ef0b2f\" data-element_type=\"column\">\n\t\t\t<div class=\"elementor-widget-wrap elementor-element-populated\">\n\t\t\t\t\t\t\t\t<div class=\"elementor-element elementor-element-8daa9fb elementor-widget elementor-widget-image\" data-id=\"8daa9fb\" data-element_type=\"widget\" data-widget_type=\"image.default\">\n\t\t\t\t<div class=\"elementor-widget-container\">\n\t\t\t<style>\/*! elementor - v3.18.0 - 20-12-2023 *\/\n.elementor-widget-image{text-align:center}.elementor-widget-image a{display:inline-block}.elementor-widget-image a img[src$=\".svg\"]{width:48px}.elementor-widget-image img{vertical-align:middle;display:inline-block}<\/style>\t\t\t\t\t\t\t\t\t\t\t\t<img fetchpriority=\"high\" decoding=\"async\" width=\"900\" height=\"341\" src=\"https:\/\/www.musicart-vienna.com\/wp-content\/uploads\/2021\/06\/coaching-web2-1-1024x388.jpg\" class=\"attachment-large size-large wp-image-2054\" alt=\"\" srcset=\"https:\/\/www.musicart-vienna.com\/wp-content\/uploads\/2021\/06\/coaching-web2-1-1024x388.jpg 1024w, https:\/\/www.musicart-vienna.com\/wp-content\/uploads\/2021\/06\/coaching-web2-1-300x114.jpg 300w, https:\/\/www.musicart-vienna.com\/wp-content\/uploads\/2021\/06\/coaching-web2-1-768x291.jpg 768w, https:\/\/www.musicart-vienna.com\/wp-content\/uploads\/2021\/06\/coaching-web2-1-1536x582.jpg 1536w, https:\/\/www.musicart-vienna.com\/wp-content\/uploads\/2021\/06\/coaching-web2-1-16x6.jpg 16w, https:\/\/www.musicart-vienna.com\/wp-content\/uploads\/2021\/06\/coaching-web2-1-1500x568.jpg 1500w, https:\/\/www.musicart-vienna.com\/wp-content\/uploads\/2021\/06\/coaching-web2-1.jpg 1980w\" sizes=\"(max-width: 900px) 100vw, 900px\" \/>\t\t\t\t\t\t\t\t\t\t\t\t\t\t\t<\/div>\n\t\t\t\t<\/div>\n\t\t\t\t\t<\/div>\n\t\t<\/div>\n\t\t\t\t<div class=\"elementor-column elementor-col-50 elementor-top-column elementor-element elementor-element-d394b21\" data-id=\"d394b21\" data-element_type=\"column\">\n\t\t\t<div class=\"elementor-widget-wrap elementor-element-populated\">\n\t\t\t\t\t\t\t\t<div class=\"elementor-element elementor-element-20ab5a5 elementor-widget elementor-widget-spacer\" data-id=\"20ab5a5\" data-element_type=\"widget\" data-widget_type=\"spacer.default\">\n\t\t\t\t<div class=\"elementor-widget-container\">\n\t\t\t\t\t<div class=\"elementor-spacer\">\n\t\t\t<div class=\"elementor-spacer-inner\"><\/div>\n\t\t<\/div>\n\t\t\t\t<\/div>\n\t\t\t\t<\/div>\n\t\t\t\t<div class=\"elementor-element elementor-element-44d8805 elementor-widget elementor-widget-text-editor\" data-id=\"44d8805\" data-element_type=\"widget\" data-widget_type=\"text-editor.default\">\n\t\t\t\t<div class=\"elementor-widget-container\">\n\t\t\t\t\t\t\t<p>Ich verspreche dir, ich werde dein Verst\u00e4ndnis von Singen nochmal auf den Kopf stellen bis du deine Stimme verk\u00f6rperst, bis \u201ees\u201c singt in dir und du endlich so richtig fliegen kannst.<\/p><p><span style=\"color: #b80101;\">Ein solides Fundament ist der Ausgangspunkt.<\/span><\/p>\t\t\t\t\t\t<\/div>\n\t\t\t\t<\/div>\n\t\t\t\t\t<\/div>\n\t\t<\/div>\n\t\t\t\t\t\t\t<\/div>\n\t\t<\/section>\n\t\t\t\t<section class=\"elementor-section elementor-top-section elementor-element elementor-element-5bc719c elementor-section-boxed elementor-section-height-default elementor-section-height-default\" data-id=\"5bc719c\" data-element_type=\"section\">\n\t\t\t\t\t\t<div class=\"elementor-container elementor-column-gap-default\">\n\t\t\t\t\t<div class=\"elementor-column elementor-col-100 elementor-top-column elementor-element elementor-element-4c0f490\" data-id=\"4c0f490\" data-element_type=\"column\">\n\t\t\t<div class=\"elementor-widget-wrap elementor-element-populated\">\n\t\t\t\t\t\t\t\t<div class=\"elementor-element elementor-element-19995bf elementor-widget elementor-widget-text-editor\" data-id=\"19995bf\" data-element_type=\"widget\" data-widget_type=\"text-editor.default\">\n\t\t\t\t<div class=\"elementor-widget-container\">\n\t\t\t\t\t\t\t<p>Egal in welchen Bereichen du noch Schwierigkeiten hast (H\u00f6he, \u00dcberg\u00e4nge, St\u00fctze, Intonation, Artikulation, Verspannungen der Halsmuskulatur, K\u00f6rperkoordination, Stimmbandschluss, Dynamik, Stimmvolumen, Atmung, Luftmangel, Ausdauer, Flow), wenn du dein Stimminstrument auf diese Weise neu erlebst wirst du in der Lage sein, deine stimmlichen Herausforderungen zu meistern und deinen einzigartigen k\u00fcnstlerischen Ausdruck entfalten.<\/p><p><span style=\"color: #b80101;\">Auch wenn du schon gute Ausbildung hattest ist Einiges oft nicht klar.<\/span><\/p><p>* Wei\u00dft du eigentlich wie dein Stimminstrument genau funktioniert?<br \/>* Glaubst du, du musst \u201eNeues\u201c erlernen?<br \/>* Siehst du einen Unterschied zwischen Mechanik und Technik?<br \/>* Verstehst du den &#8220;St\u00fctzapparat&#8221; so richtig?<br \/>* Hast du je erforscht, wieviele und welche Ebenen deines K\u00f6rpers in das Spiel deines Instrumentes mit einbezogen sind?<br \/>* Kannst du diese in ihrer Bewegung beschreiben?<br \/>* Kannst du die Bewegungen willentlich, bewusst und ohne Anstrengung gleichzeitig beobachten, bzw. koordinieren?<br \/>* Wei\u00dft du was die \u201egefl\u00fcgelten Worte\u201c der Stimmbildung wie \u201eInhalare la voce\u201c, &#8220;In den Bauch atmen&#8221;, \u201eAtem zur\u00fcckhalten\u201c, \u201eeinatmen w\u00e4hrend du ausatmest\u201c, &#8220;St\u00fctzschaukel&#8221;, \u201eder freie\/lockere Hals\u201c, \u201edie neutrale Kehlkopfstellung\u201c, \u201eTwang\u201c, &#8220;aus dem Bauch singen&#8221;, uvm rein K\u00d6RPERLICH bedeuten?<br \/>* Kannst du dich im Singen \u00fcber deine Stimme genauso selbstverst\u00e4ndlich ausdr\u00fccken wie beim Sprechen?<br \/>* F\u00fchlst du dabei dennoch das gro\u00dfartige Spiel deines unglaublichen Stimminstruments?<\/p><p>Wenn ja, dann bist du eines der begnadeten \u201eNaturals\u201c, die sich \u00fcber all das nie Gedanken machen mussten \ud83d\ude42 dein Instrument funktioniert einfach.<\/p><p>F\u00fcr die Mehrheit der Stimmk\u00fcnstler*innen sind viele dieser Bereiche Thema, und das hat rein gar nichts mit ihrem k\u00fcnstlerischen Talent zu tun. Das ist einfach eine handwerkliche Sache.<br \/>Wenn du also eine oder mehrere dieser Fragen mit &#8220;nein&#8221; beantwortet hast, dann ist Embodied Voice <sup>TM<\/sup> vielleicht genau das richtige f\u00fcr dich.<\/p><p><span style=\"color: #b80101;\">Dein Stimminstrument ist komplex, aber im Grunde genommen sehr einfach zu bedienen, wenn du es k\u00f6rperlich ERF\u00c4HRST und begreifst.<br \/><\/span>Wenn dir bewu\u00dft wird, dass die Koordination deines Stimminstruments bereits in dir angelegt, sprich angeboren ist, ist es wesentlich leichter dessen Pr\u00e4zisionsmechanik durch Erforschung\/Beobachtung zu verstehen.<\/p><p>Dann beginnst du dein Instrument zu spielen, die Ergebnisse sind verbl\u00fcffend: Singen wird soviel einfacher und ganz anders als du es bisher erlebt hast. Es ist wie Sprechen auf T\u00f6nen.<\/p><p><span style=\"color: #b80101;\">EMBODIED VOICE <sup>TM<\/sup><\/span><br \/><span style=\"color: #b80101;\">Vocal Coaching eine eigens entwickelte und revolution\u00e4re Herangehensweise an Stimmbildung und Atemtechnik.<br \/><\/span>Mein Weg war hart, deiner soll leichter sein. Deshalb habe ich alles umgedreht: Learning from the inside out machts m\u00f6glich. Gerne stehe ich dir als \u201eHebamme\u201c bei der Neugeburt deiner Stimme mit meinen Erfahrungen zur Seite.<br \/>Du selbst wirst dabei deine Stimme auf neue Weise zur Welt bringen.<\/p><p><span style=\"color: #b80101;\">EMBODIED VOICE <sup>TM<\/sup> f\u00fcr Stimme und alle Blasinstrumente<br \/><\/span>Die Embodied Voice <sup>TM<\/sup> Methode eignet sich nicht nur f\u00fcr professionelle S\u00e4nger*innen, Sprecher*innen, Schauspieler*innen, die die Arbeit mit ihrem Instrument optimieren wollen, sondern dient auch als Basistraining f\u00fcr Menschen ohne Vorkenntnisse.<br \/>Die Herangehensweise von Embodied Voice <sup>TM<\/sup> an Atmung und St\u00fctze eignet sich auch hervorragend f\u00fcr s\u00e4mtliche Blasinstrumente.<\/p><p><span style=\"color: #b80101;\">WORKSHOPS UND KURSE<br \/><\/span>Die Workshops sind eine gute M\u00f6glichkeit einen fundierten Einblick in die Methode zu bekommen und Tools f\u00fcr ein Basistraining zu erhalten. Perfekt f\u00fcr alle die noch nicht f\u00fcr ein l\u00e4ngerfristiges Einzeltraining bereit sind, bzw deren finanzielle M\u00f6glichkeiten aufgrund der Krise derzeit begrenzt sind. Ab Sommer 2023 biete ich Intensiv-Kurse, ab Herbst 2023 einen Semesterkurs an. Bei Interesse an einem Kurs bitte um unverbindliche Voranmeldung, da die Zahl der Pl\u00e4tze begrenzt ist!<\/p>\t\t\t\t\t\t<\/div>\n\t\t\t\t<\/div>\n\t\t\t\t\t<\/div>\n\t\t<\/div>\n\t\t\t\t\t\t\t<\/div>\n\t\t<\/section>\n\t\t\t\t<section class=\"elementor-section elementor-top-section elementor-element elementor-element-35939d1 elementor-section-boxed elementor-section-height-default elementor-section-height-default\" data-id=\"35939d1\" data-element_type=\"section\">\n\t\t\t\t\t\t<div class=\"elementor-container elementor-column-gap-default\">\n\t\t\t\t\t<div class=\"elementor-column elementor-col-50 elementor-top-column elementor-element elementor-element-baf3644\" data-id=\"baf3644\" data-element_type=\"column\">\n\t\t\t<div class=\"elementor-widget-wrap\">\n\t\t\t\t\t\t\t\t\t<\/div>\n\t\t<\/div>\n\t\t\t\t<div class=\"elementor-column elementor-col-50 elementor-top-column elementor-element elementor-element-d067198\" data-id=\"d067198\" data-element_type=\"column\">\n\t\t\t<div class=\"elementor-widget-wrap elementor-element-populated\">\n\t\t\t\t\t\t\t\t<div class=\"elementor-element elementor-element-64a1027 elementor-align-center elementor-widget elementor-widget-button\" data-id=\"64a1027\" data-element_type=\"widget\" data-widget_type=\"button.default\">\n\t\t\t\t<div class=\"elementor-widget-container\">\n\t\t\t\t\t<div class=\"elementor-button-wrapper\">\n\t\t\t<a class=\"elementor-button elementor-button-link elementor-size-sm\" href=\"mailto:office@musicart-vienna.com?subject=unverbindliche-Kursvoranmeldung\">\n\t\t\t\t\t\t<span class=\"elementor-button-content-wrapper\">\n\t\t\t\t\t\t<span class=\"elementor-button-text\">unverbindliche Voranmeldung<\/span>\n\t\t<\/span>\n\t\t\t\t\t<\/a>\n\t\t<\/div>\n\t\t\t\t<\/div>\n\t\t\t\t<\/div>\n\t\t\t\t\t<\/div>\n\t\t<\/div>\n\t\t\t\t\t\t\t<\/div>\n\t\t<\/section>\n\t\t\t\t<section class=\"elementor-section elementor-top-section elementor-element elementor-element-8a0a876 elementor-section-boxed elementor-section-height-default elementor-section-height-default\" data-id=\"8a0a876\" data-element_type=\"section\">\n\t\t\t\t\t\t<div class=\"elementor-container elementor-column-gap-default\">\n\t\t\t\t\t<div class=\"elementor-column elementor-col-100 elementor-top-column elementor-element elementor-element-32855a6\" data-id=\"32855a6\" data-element_type=\"column\">\n\t\t\t<div class=\"elementor-widget-wrap elementor-element-populated\">\n\t\t\t\t\t\t\t\t<div class=\"elementor-element elementor-element-57ed96f elementor-widget elementor-widget-spacer\" data-id=\"57ed96f\" data-element_type=\"widget\" data-widget_type=\"spacer.default\">\n\t\t\t\t<div class=\"elementor-widget-container\">\n\t\t\t\t\t<div class=\"elementor-spacer\">\n\t\t\t<div class=\"elementor-spacer-inner\"><\/div>\n\t\t<\/div>\n\t\t\t\t<\/div>\n\t\t\t\t<\/div>\n\t\t\t\t<div class=\"elementor-element elementor-element-2bccbe0 elementor-widget elementor-widget-text-editor\" data-id=\"2bccbe0\" data-element_type=\"widget\" data-widget_type=\"text-editor.default\">\n\t\t\t\t<div class=\"elementor-widget-container\">\n\t\t\t\t\t\t\t<p><span style=\"color: #b80101;\">Warum du mich nicht mit Vocal Tipps auf Youtube findest<\/span><br \/>Die Arbeit mit der Stimme setzt f\u00fcr mich eine tiefe zwischenmenschliche Begegnung voraus, die es auch braucht um den Menschen und seine Stimme vollkommen wahrzunehmen und auf die individuellen Bed\u00fcrfnisse eingehen zu k\u00f6nnen. Wenn die Bewegungsabl\u00e4ufe in der Klangproduktion nicht richtig koordiniert sind, so wei\u00df ich aus Erfahrung, dass \u00dcbungen mitunter sogar kontraproduktiv sein k\u00f6nnen. Online zu arbeiten ist f\u00fcr mich nur in vor\u00fcbergehenden Ausnahmef\u00e4llen m\u00f6glich, ich arbeite aus \u00dcberzeugung von Mensch zu Mensch.<\/p>\t\t\t\t\t\t<\/div>\n\t\t\t\t<\/div>\n\t\t\t\t\t<\/div>\n\t\t<\/div>\n\t\t\t\t\t\t\t<\/div>\n\t\t<\/section>\n\t\t\t\t<section class=\"elementor-section elementor-top-section elementor-element elementor-element-663099f elementor-section-boxed elementor-section-height-default elementor-section-height-default\" data-id=\"663099f\" data-element_type=\"section\">\n\t\t\t\t\t\t<div class=\"elementor-container elementor-column-gap-default\">\n\t\t\t\t\t<div class=\"elementor-column elementor-col-50 elementor-top-column elementor-element elementor-element-ea5365b\" data-id=\"ea5365b\" data-element_type=\"column\">\n\t\t\t<div class=\"elementor-widget-wrap elementor-element-populated\">\n\t\t\t\t\t\t\t\t<div class=\"elementor-element elementor-element-279c31c elementor-widget elementor-widget-text-editor\" data-id=\"279c31c\" data-element_type=\"widget\" data-widget_type=\"text-editor.default\">\n\t\t\t\t<div class=\"elementor-widget-container\">\n\t\t\t\t\t\t\t<p style=\"text-align: center;\">Buche jetzt deinen gratis Zoom Call, wo wir uns gemeinsam anschauen wo du mit deiner Stimme stehst, was deine Herausforderungen sind, und was du individuell brauchen w\u00fcrdest (max 30 Min)<\/p>\t\t\t\t\t\t<\/div>\n\t\t\t\t<\/div>\n\t\t\t\t\t<\/div>\n\t\t<\/div>\n\t\t\t\t<div class=\"elementor-column elementor-col-50 elementor-top-column elementor-element elementor-element-c198b11\" data-id=\"c198b11\" data-element_type=\"column\">\n\t\t\t<div class=\"elementor-widget-wrap elementor-element-populated\">\n\t\t\t\t\t\t\t\t<div class=\"elementor-element elementor-element-30fc2c4 elementor-align-center elementor-widget elementor-widget-button\" data-id=\"30fc2c4\" data-element_type=\"widget\" data-widget_type=\"button.default\">\n\t\t\t\t<div class=\"elementor-widget-container\">\n\t\t\t\t\t<div class=\"elementor-button-wrapper\">\n\t\t\t<a class=\"elementor-button elementor-button-link elementor-size-sm\" href=\"mailto:office@musicart-vienna.com\" target=\"_blank\">\n\t\t\t\t\t\t<span class=\"elementor-button-content-wrapper\">\n\t\t\t\t\t\t<span class=\"elementor-button-text\">Buche deinen gratis Zoom Call<\/span>\n\t\t<\/span>\n\t\t\t\t\t<\/a>\n\t\t<\/div>\n\t\t\t\t<\/div>\n\t\t\t\t<\/div>\n\t\t\t\t\t<\/div>\n\t\t<\/div>\n\t\t\t\t\t\t\t<\/div>\n\t\t<\/section>\n\t\t\t\t<section class=\"elementor-section elementor-top-section elementor-element elementor-element-f87e6ec elementor-section-boxed elementor-section-height-default elementor-section-height-default\" data-id=\"f87e6ec\" data-element_type=\"section\">\n\t\t\t\t\t\t<div class=\"elementor-container elementor-column-gap-default\">\n\t\t\t\t\t<div class=\"elementor-column elementor-col-100 elementor-top-column elementor-element elementor-element-3617e4e\" data-id=\"3617e4e\" data-element_type=\"column\">\n\t\t\t<div class=\"elementor-widget-wrap elementor-element-populated\">\n\t\t\t\t\t\t\t\t<div class=\"elementor-element elementor-element-fe9e4b0 elementor-widget elementor-widget-heading\" data-id=\"fe9e4b0\" data-element_type=\"widget\" data-widget_type=\"heading.default\">\n\t\t\t\t<div class=\"elementor-widget-container\">\n\t\t\t<style>\/*! elementor - v3.18.0 - 20-12-2023 *\/\n.elementor-heading-title{padding:0;margin:0;line-height:1}.elementor-widget-heading .elementor-heading-title[class*=elementor-size-]>a{color:inherit;font-size:inherit;line-height:inherit}.elementor-widget-heading .elementor-heading-title.elementor-size-small{font-size:15px}.elementor-widget-heading .elementor-heading-title.elementor-size-medium{font-size:19px}.elementor-widget-heading .elementor-heading-title.elementor-size-large{font-size:29px}.elementor-widget-heading .elementor-heading-title.elementor-size-xl{font-size:39px}.elementor-widget-heading .elementor-heading-title.elementor-size-xxl{font-size:59px}<\/style><h2 class=\"elementor-heading-title elementor-size-default\"><a href=\"https:\/\/www.musicart-vienna.com\/de\/clients\/\">Was meine Coachees sagen -->><\/a><\/h2>\t\t<\/div>\n\t\t\t\t<\/div>\n\t\t\t\t\t<\/div>\n\t\t<\/div>\n\t\t\t\t\t\t\t<\/div>\n\t\t<\/section>\n\t\t\t\t\t\t\t<\/div>","protected":false},"excerpt":{"rendered":"<p>EMBODIED VOICE TM &#8211; The Vocal Coaching Revolution a radically new approach to singing Ich verspreche dir, ich werde dein Verst\u00e4ndnis von Singen&hellip;<\/p>","protected":false},"author":1,"featured_media":0,"parent":0,"menu_order":0,"comment_status":"closed","ping_status":"closed","template":"elementor_canvas","meta":{"footnotes":""},"class_list":["post-2451","page","type-page","status-publish","hentry"],"_links":{"self":[{"href":"https:\/\/www.musicart-vienna.com\/de\/wp-json\/wp\/v2\/pages\/2451"}],"collection":[{"href":"https:\/\/www.musicart-vienna.com\/de\/wp-json\/wp\/v2\/pages"}],"about":[{"href":"https:\/\/www.musicart-vienna.com\/de\/wp-json\/wp\/v2\/types\/page"}],"author":[{"embeddable":true,"href":"https:\/\/www.musicart-vienna.com\/de\/wp-json\/wp\/v2\/users\/1"}],"replies":[{"embeddable":true,"href":"https:\/\/www.musicart-vienna.com\/de\/wp-json\/wp\/v2\/comments?post=2451"}],"version-history":[{"count":97,"href":"https:\/\/www.musicart-vienna.com\/de\/wp-json\/wp\/v2\/pages\/2451\/revisions"}],"predecessor-version":[{"id":2752,"href":"https:\/\/www.musicart-vienna.com\/de\/wp-json\/wp\/v2\/pages\/2451\/revisions\/2752"}],"wp:attachment":[{"href":"https:\/\/www.musicart-vienna.com\/de\/wp-json\/wp\/v2\/media?parent=2451"}],"curies":[{"name":"wp","href":"https:\/\/api.w.org\/{rel}","templated":true}]}}