{"id":2297,"date":"2022-10-11T22:47:56","date_gmt":"2022-10-11T20:47:56","guid":{"rendered":"http:\/\/www.musicart-vienna.com\/?page_id=2297"},"modified":"2023-02-15T20:58:19","modified_gmt":"2023-02-15T19:58:19","slug":"tontechnik-producing","status":"publish","type":"page","link":"https:\/\/www.musicart-vienna.com\/de\/tontechnik-producing\/","title":{"rendered":"Tontechnik &#038; Producing"},"content":{"rendered":"<div data-elementor-type=\"wp-page\" data-elementor-id=\"2297\" class=\"elementor elementor-2297\">\n\t\t\t\t\t\t\t\t\t<section class=\"elementor-section elementor-top-section elementor-element elementor-element-dbd32e7 elementor-section-boxed elementor-section-height-default elementor-section-height-default\" data-id=\"dbd32e7\" data-element_type=\"section\">\n\t\t\t\t\t\t<div class=\"elementor-container elementor-column-gap-default\">\n\t\t\t\t\t<div class=\"elementor-column elementor-col-100 elementor-top-column elementor-element elementor-element-5b8e04a\" data-id=\"5b8e04a\" data-element_type=\"column\">\n\t\t\t<div class=\"elementor-widget-wrap elementor-element-populated\">\n\t\t\t\t\t\t\t\t<div class=\"elementor-element elementor-element-99a2181 elementor-widget elementor-widget-heading\" data-id=\"99a2181\" data-element_type=\"widget\" data-widget_type=\"heading.default\">\n\t\t\t\t<div class=\"elementor-widget-container\">\n\t\t\t<style>\/*! elementor - v3.18.0 - 20-12-2023 *\/\n.elementor-heading-title{padding:0;margin:0;line-height:1}.elementor-widget-heading .elementor-heading-title[class*=elementor-size-]>a{color:inherit;font-size:inherit;line-height:inherit}.elementor-widget-heading .elementor-heading-title.elementor-size-small{font-size:15px}.elementor-widget-heading .elementor-heading-title.elementor-size-medium{font-size:19px}.elementor-widget-heading .elementor-heading-title.elementor-size-large{font-size:29px}.elementor-widget-heading .elementor-heading-title.elementor-size-xl{font-size:39px}.elementor-widget-heading .elementor-heading-title.elementor-size-xxl{font-size:59px}<\/style><h1 class=\"elementor-heading-title elementor-size-default\">Vocal Producing - Recording -  Livemixing<\/h1>\t\t<\/div>\n\t\t\t\t<\/div>\n\t\t\t\t\t<\/div>\n\t\t<\/div>\n\t\t\t\t\t\t\t<\/div>\n\t\t<\/section>\n\t\t\t\t<section class=\"elementor-section elementor-top-section elementor-element elementor-element-4af1681 elementor-section-boxed elementor-section-height-default elementor-section-height-default\" data-id=\"4af1681\" data-element_type=\"section\">\n\t\t\t\t\t\t<div class=\"elementor-container elementor-column-gap-default\">\n\t\t\t\t\t<div class=\"elementor-column elementor-col-100 elementor-top-column elementor-element elementor-element-0fcb37c\" data-id=\"0fcb37c\" data-element_type=\"column\">\n\t\t\t<div class=\"elementor-widget-wrap elementor-element-populated\">\n\t\t\t\t\t\t\t\t<div class=\"elementor-element elementor-element-d43a913 elementor-widget elementor-widget-spacer\" data-id=\"d43a913\" data-element_type=\"widget\" data-widget_type=\"spacer.default\">\n\t\t\t\t<div class=\"elementor-widget-container\">\n\t\t\t<style>\/*! elementor - v3.18.0 - 20-12-2023 *\/\n.elementor-column .elementor-spacer-inner{height:var(--spacer-size)}.e-con{--container-widget-width:100%}.e-con-inner>.elementor-widget-spacer,.e-con>.elementor-widget-spacer{width:var(--container-widget-width,var(--spacer-size));--align-self:var(--container-widget-align-self,initial);--flex-shrink:0}.e-con-inner>.elementor-widget-spacer>.elementor-widget-container,.e-con>.elementor-widget-spacer>.elementor-widget-container{height:100%;width:100%}.e-con-inner>.elementor-widget-spacer>.elementor-widget-container>.elementor-spacer,.e-con>.elementor-widget-spacer>.elementor-widget-container>.elementor-spacer{height:100%}.e-con-inner>.elementor-widget-spacer>.elementor-widget-container>.elementor-spacer>.elementor-spacer-inner,.e-con>.elementor-widget-spacer>.elementor-widget-container>.elementor-spacer>.elementor-spacer-inner{height:var(--container-widget-height,var(--spacer-size))}.e-con-inner>.elementor-widget-spacer.elementor-widget-empty,.e-con>.elementor-widget-spacer.elementor-widget-empty{position:relative;min-height:22px;min-width:22px}.e-con-inner>.elementor-widget-spacer.elementor-widget-empty .elementor-widget-empty-icon,.e-con>.elementor-widget-spacer.elementor-widget-empty .elementor-widget-empty-icon{position:absolute;top:0;bottom:0;left:0;right:0;margin:auto;padding:0;width:22px;height:22px}<\/style>\t\t<div class=\"elementor-spacer\">\n\t\t\t<div class=\"elementor-spacer-inner\"><\/div>\n\t\t<\/div>\n\t\t\t\t<\/div>\n\t\t\t\t<\/div>\n\t\t\t\t\t<\/div>\n\t\t<\/div>\n\t\t\t\t\t\t\t<\/div>\n\t\t<\/section>\n\t\t\t\t<section class=\"elementor-section elementor-top-section elementor-element elementor-element-970909c elementor-section-boxed elementor-section-height-default elementor-section-height-default\" data-id=\"970909c\" data-element_type=\"section\">\n\t\t\t\t\t\t<div class=\"elementor-container elementor-column-gap-default\">\n\t\t\t\t\t<div class=\"elementor-column elementor-col-100 elementor-top-column elementor-element elementor-element-4847fcf\" data-id=\"4847fcf\" data-element_type=\"column\">\n\t\t\t<div class=\"elementor-widget-wrap elementor-element-populated\">\n\t\t\t\t\t\t\t\t<section class=\"elementor-section elementor-inner-section elementor-element elementor-element-2d23a07 elementor-section-boxed elementor-section-height-default elementor-section-height-default\" data-id=\"2d23a07\" data-element_type=\"section\">\n\t\t\t\t\t\t<div class=\"elementor-container elementor-column-gap-default\">\n\t\t\t\t\t<div class=\"elementor-column elementor-col-50 elementor-inner-column elementor-element elementor-element-e877452\" data-id=\"e877452\" data-element_type=\"column\">\n\t\t\t<div class=\"elementor-widget-wrap elementor-element-populated\">\n\t\t\t\t\t\t\t\t<div class=\"elementor-element elementor-element-415d6c1 elementor-widget elementor-widget-image\" data-id=\"415d6c1\" data-element_type=\"widget\" data-widget_type=\"image.default\">\n\t\t\t\t<div class=\"elementor-widget-container\">\n\t\t\t<style>\/*! elementor - v3.18.0 - 20-12-2023 *\/\n.elementor-widget-image{text-align:center}.elementor-widget-image a{display:inline-block}.elementor-widget-image a img[src$=\".svg\"]{width:48px}.elementor-widget-image img{vertical-align:middle;display:inline-block}<\/style>\t\t\t\t\t\t\t\t\t\t\t\t<img fetchpriority=\"high\" decoding=\"async\" width=\"300\" height=\"300\" src=\"https:\/\/www.musicart-vienna.com\/wp-content\/uploads\/2023\/02\/fvp-web-300x300.jpg\" class=\"attachment-medium size-medium wp-image-2492\" alt=\"\" srcset=\"https:\/\/www.musicart-vienna.com\/wp-content\/uploads\/2023\/02\/fvp-web.jpg 300w, https:\/\/www.musicart-vienna.com\/wp-content\/uploads\/2023\/02\/fvp-web-150x150.jpg 150w, https:\/\/www.musicart-vienna.com\/wp-content\/uploads\/2023\/02\/fvp-web-12x12.jpg 12w\" sizes=\"(max-width: 300px) 100vw, 300px\" \/>\t\t\t\t\t\t\t\t\t\t\t\t\t\t\t<\/div>\n\t\t\t\t<\/div>\n\t\t\t\t\t<\/div>\n\t\t<\/div>\n\t\t\t\t<div class=\"elementor-column elementor-col-50 elementor-inner-column elementor-element elementor-element-6a8f6ff\" data-id=\"6a8f6ff\" data-element_type=\"column\">\n\t\t\t<div class=\"elementor-widget-wrap elementor-element-populated\">\n\t\t\t\t\t\t\t\t<div class=\"elementor-element elementor-element-6e6c2c2 elementor-widget elementor-widget-heading\" data-id=\"6e6c2c2\" data-element_type=\"widget\" data-widget_type=\"heading.default\">\n\t\t\t\t<div class=\"elementor-widget-container\">\n\t\t\t<h2 class=\"elementor-heading-title elementor-size-default\">Female Vocal Producing<\/h2>\t\t<\/div>\n\t\t\t\t<\/div>\n\t\t\t\t<div class=\"elementor-element elementor-element-8c4c12b elementor-widget elementor-widget-text-editor\" data-id=\"8c4c12b\" data-element_type=\"widget\" data-widget_type=\"text-editor.default\">\n\t\t\t\t<div class=\"elementor-widget-container\">\n\t\t\t<style>\/*! elementor - v3.18.0 - 20-12-2023 *\/\n.elementor-widget-text-editor.elementor-drop-cap-view-stacked .elementor-drop-cap{background-color:#69727d;color:#fff}.elementor-widget-text-editor.elementor-drop-cap-view-framed .elementor-drop-cap{color:#69727d;border:3px solid;background-color:transparent}.elementor-widget-text-editor:not(.elementor-drop-cap-view-default) .elementor-drop-cap{margin-top:8px}.elementor-widget-text-editor:not(.elementor-drop-cap-view-default) .elementor-drop-cap-letter{width:1em;height:1em}.elementor-widget-text-editor .elementor-drop-cap{float:left;text-align:center;line-height:1;font-size:50px}.elementor-widget-text-editor .elementor-drop-cap-letter{display:inline-block}<\/style>\t\t\t\t<p>a radically new approach to recording<\/p>\t\t\t\t\t\t<\/div>\n\t\t\t\t<\/div>\n\t\t\t\t<div class=\"elementor-element elementor-element-90b0dfe elementor-widget elementor-widget-text-editor\" data-id=\"90b0dfe\" data-element_type=\"widget\" data-widget_type=\"text-editor.default\">\n\t\t\t\t<div class=\"elementor-widget-container\">\n\t\t\t\t\t\t\t<p>Erlebe Recording mal ganz anders.<\/p><p>Wenn Leistungsdruck und Nervosit\u00e4t im richtigen Setting fallen, tauchst du ein in das reine Erleben deiner Stimme \/ Musik.<\/p><p>Deine Grenzen werden zum Sprungbrett f\u00fcr ungeahnte H\u00f6henfl\u00fcge, die dich selbst \u00fcberraschen werden.<\/p><p>Gerne begleiten wir dich auf dem Weg zu deinem einzigartigen Soundtrack<\/p>\t\t\t\t\t\t<\/div>\n\t\t\t\t<\/div>\n\t\t\t\t\t<\/div>\n\t\t<\/div>\n\t\t\t\t\t\t\t<\/div>\n\t\t<\/section>\n\t\t\t\t<div class=\"elementor-element elementor-element-020ed07 elementor-widget elementor-widget-text-editor\" data-id=\"020ed07\" data-element_type=\"widget\" data-widget_type=\"text-editor.default\">\n\t\t\t\t<div class=\"elementor-widget-container\">\n\t\t\t\t\t\t\t\t\t\t\t\t\t<\/div>\n\t\t\t\t<\/div>\n\t\t\t\t<div class=\"elementor-element elementor-element-a0b058a elementor-align-center elementor-widget elementor-widget-button\" data-id=\"a0b058a\" data-element_type=\"widget\" data-widget_type=\"button.default\">\n\t\t\t\t<div class=\"elementor-widget-container\">\n\t\t\t\t\t<div class=\"elementor-button-wrapper\">\n\t\t\t<a class=\"elementor-button elementor-button-link elementor-size-sm\" href=\"https:\/\/www.musicart-vienna.com\/de\/female-vocal-producing\/\">\n\t\t\t\t\t\t<span class=\"elementor-button-content-wrapper\">\n\t\t\t\t\t\t<span class=\"elementor-button-text\">erfahre mehr<\/span>\n\t\t<\/span>\n\t\t\t\t\t<\/a>\n\t\t<\/div>\n\t\t\t\t<\/div>\n\t\t\t\t<\/div>\n\t\t\t\t\t<\/div>\n\t\t<\/div>\n\t\t\t\t\t\t\t<\/div>\n\t\t<\/section>\n\t\t\t\t<section class=\"elementor-section elementor-top-section elementor-element elementor-element-1d0ac02 elementor-section-boxed elementor-section-height-default elementor-section-height-default\" data-id=\"1d0ac02\" data-element_type=\"section\">\n\t\t\t\t\t\t<div class=\"elementor-container elementor-column-gap-default\">\n\t\t\t\t\t<div class=\"elementor-column elementor-col-100 elementor-top-column elementor-element elementor-element-cb52c57\" data-id=\"cb52c57\" data-element_type=\"column\">\n\t\t\t<div class=\"elementor-widget-wrap elementor-element-populated\">\n\t\t\t\t\t\t\t\t<div class=\"elementor-element elementor-element-97fefa9 elementor-widget elementor-widget-heading\" data-id=\"97fefa9\" data-element_type=\"widget\" data-widget_type=\"heading.default\">\n\t\t\t\t<div class=\"elementor-widget-container\">\n\t\t\t<h2 class=\"elementor-heading-title elementor-size-default\">Tontechnikerin<\/h2>\t\t<\/div>\n\t\t\t\t<\/div>\n\t\t\t\t<section class=\"elementor-section elementor-inner-section elementor-element elementor-element-057e5cf elementor-section-boxed elementor-section-height-default elementor-section-height-default\" data-id=\"057e5cf\" data-element_type=\"section\">\n\t\t\t\t\t\t<div class=\"elementor-container elementor-column-gap-default\">\n\t\t\t\t\t<div class=\"elementor-column elementor-col-50 elementor-inner-column elementor-element elementor-element-7189240\" data-id=\"7189240\" data-element_type=\"column\">\n\t\t\t<div class=\"elementor-widget-wrap elementor-element-populated\">\n\t\t\t\t\t\t\t\t<div class=\"elementor-element elementor-element-f74bd81 elementor-widget elementor-widget-text-editor\" data-id=\"f74bd81\" data-element_type=\"widget\" data-widget_type=\"text-editor.default\">\n\t\t\t\t<div class=\"elementor-widget-container\">\n\t\t\t\t\t\t\t<p>Heidi Bobal, recording engineer &amp;\u00a0 live mixing<\/p>\t\t\t\t\t\t<\/div>\n\t\t\t\t<\/div>\n\t\t\t\t<div class=\"elementor-element elementor-element-0192506 elementor-widget elementor-widget-text-editor\" data-id=\"0192506\" data-element_type=\"widget\" data-widget_type=\"text-editor.default\">\n\t\t\t\t<div class=\"elementor-widget-container\">\n\t\t\t\t\t\t\t<p>Musik aufzunehmen ist mehr als nur Sound auf Tontr\u00e4ger zu bannen.<\/p><p>Mein h\u00f6chstes Ziel ist es den Augenblick, die Energie des K\u00fcnstlers einzufangen. Als Produzenten ist es unsere Aufgabe f\u00fcr den K\u00fcnstler einen Wohlf\u00fclraum zu schaffen, in dem er sich k\u00fcnstlerisch vollst\u00e4ndig entfalten und seinen ureigensten Ausdruck verwirklichen kann. <\/p>\t\t\t\t\t\t<\/div>\n\t\t\t\t<\/div>\n\t\t\t\t<div class=\"elementor-element elementor-element-88f5be6 elementor-align-center elementor-widget elementor-widget-button\" data-id=\"88f5be6\" data-element_type=\"widget\" data-widget_type=\"button.default\">\n\t\t\t\t<div class=\"elementor-widget-container\">\n\t\t\t\t\t<div class=\"elementor-button-wrapper\">\n\t\t\t<a class=\"elementor-button elementor-button-link elementor-size-sm\" href=\"http:\/\/www.heidibobal.com\" target=\"_blank\" rel=\"noopener\">\n\t\t\t\t\t\t<span class=\"elementor-button-content-wrapper\">\n\t\t\t\t\t\t<span class=\"elementor-button-text\">erfahre mehr<\/span>\n\t\t<\/span>\n\t\t\t\t\t<\/a>\n\t\t<\/div>\n\t\t\t\t<\/div>\n\t\t\t\t<\/div>\n\t\t\t\t\t<\/div>\n\t\t<\/div>\n\t\t\t\t<div class=\"elementor-column elementor-col-50 elementor-inner-column elementor-element elementor-element-4dcdab2\" data-id=\"4dcdab2\" data-element_type=\"column\">\n\t\t\t<div class=\"elementor-widget-wrap elementor-element-populated\">\n\t\t\t\t\t\t\t\t<div class=\"elementor-element elementor-element-bcdce25 elementor-widget elementor-widget-image\" data-id=\"bcdce25\" data-element_type=\"widget\" data-widget_type=\"image.default\">\n\t\t\t\t<div class=\"elementor-widget-container\">\n\t\t\t\t\t\t\t\t\t\t\t\t\t\t\t<img decoding=\"async\" width=\"300\" height=\"300\" src=\"https:\/\/www.musicart-vienna.com\/wp-content\/uploads\/2023\/02\/Heidi-edit-300x300.jpg\" class=\"attachment-medium size-medium wp-image-2462\" alt=\"\" srcset=\"https:\/\/www.musicart-vienna.com\/wp-content\/uploads\/2023\/02\/Heidi-edit-300x300.jpg 300w, https:\/\/www.musicart-vienna.com\/wp-content\/uploads\/2023\/02\/Heidi-edit-150x150.jpg 150w, https:\/\/www.musicart-vienna.com\/wp-content\/uploads\/2023\/02\/Heidi-edit-768x768.jpg 768w, https:\/\/www.musicart-vienna.com\/wp-content\/uploads\/2023\/02\/Heidi-edit-12x12.jpg 12w, https:\/\/www.musicart-vienna.com\/wp-content\/uploads\/2023\/02\/Heidi-edit-690x690.jpg 690w, https:\/\/www.musicart-vienna.com\/wp-content\/uploads\/2023\/02\/elementor\/thumbs\/Heidi-edit-q1xa7w7669lpz39ofovt9msurhmd1sj0z311m6hq3m.jpg 285w, https:\/\/www.musicart-vienna.com\/wp-content\/uploads\/2023\/02\/elementor\/thumbs\/Heidi-edit-q1xa7w768gjjjzod5mxddfqrtctxzdot9o9ax90l3o.jpg 290w, https:\/\/www.musicart-vienna.com\/wp-content\/uploads\/2023\/02\/Heidi-edit.jpg 960w\" sizes=\"(max-width: 300px) 100vw, 300px\" \/>\t\t\t\t\t\t\t\t\t\t\t\t\t\t\t<\/div>\n\t\t\t\t<\/div>\n\t\t\t\t\t<\/div>\n\t\t<\/div>\n\t\t\t\t\t\t\t<\/div>\n\t\t<\/section>\n\t\t\t\t\t<\/div>\n\t\t<\/div>\n\t\t\t\t\t\t\t<\/div>\n\t\t<\/section>\n\t\t\t\t<section class=\"elementor-section elementor-top-section elementor-element elementor-element-fd9847b elementor-section-boxed elementor-section-height-default elementor-section-height-default\" data-id=\"fd9847b\" data-element_type=\"section\">\n\t\t\t\t\t\t<div class=\"elementor-container elementor-column-gap-default\">\n\t\t\t\t\t<div class=\"elementor-column elementor-col-100 elementor-top-column elementor-element elementor-element-9e82c67\" data-id=\"9e82c67\" data-element_type=\"column\">\n\t\t\t<div class=\"elementor-widget-wrap\">\n\t\t\t\t\t\t\t\t\t<\/div>\n\t\t<\/div>\n\t\t\t\t\t\t\t<\/div>\n\t\t<\/section>\n\t\t\t\t\t\t\t<\/div>","protected":false},"excerpt":{"rendered":"<p>Vocal Producing &#8211; Recording &#8211; Livemixing Female Vocal Producing a radically new approach to recording Erlebe Recording mal ganz anders. Wenn Leistungsdruck und&hellip;<\/p>","protected":false},"author":1,"featured_media":0,"parent":0,"menu_order":0,"comment_status":"closed","ping_status":"closed","template":"elementor_canvas","meta":{"footnotes":""},"class_list":["post-2297","page","type-page","status-publish","hentry"],"_links":{"self":[{"href":"https:\/\/www.musicart-vienna.com\/de\/wp-json\/wp\/v2\/pages\/2297"}],"collection":[{"href":"https:\/\/www.musicart-vienna.com\/de\/wp-json\/wp\/v2\/pages"}],"about":[{"href":"https:\/\/www.musicart-vienna.com\/de\/wp-json\/wp\/v2\/types\/page"}],"author":[{"embeddable":true,"href":"https:\/\/www.musicart-vienna.com\/de\/wp-json\/wp\/v2\/users\/1"}],"replies":[{"embeddable":true,"href":"https:\/\/www.musicart-vienna.com\/de\/wp-json\/wp\/v2\/comments?post=2297"}],"version-history":[{"count":79,"href":"https:\/\/www.musicart-vienna.com\/de\/wp-json\/wp\/v2\/pages\/2297\/revisions"}],"predecessor-version":[{"id":2723,"href":"https:\/\/www.musicart-vienna.com\/de\/wp-json\/wp\/v2\/pages\/2297\/revisions\/2723"}],"wp:attachment":[{"href":"https:\/\/www.musicart-vienna.com\/de\/wp-json\/wp\/v2\/media?parent=2297"}],"curies":[{"name":"wp","href":"https:\/\/api.w.org\/{rel}","templated":true}]}}