{"id":788,"date":"2020-11-29T18:26:16","date_gmt":"2020-11-29T17:26:16","guid":{"rendered":"http:\/\/www.musicart-vienna.com\/?page_id=788"},"modified":"2020-12-29T18:27:32","modified_gmt":"2020-12-29T17:27:32","slug":"disclaimer-and-tos","status":"publish","type":"page","link":"http:\/\/www.musicart-vienna.com\/de\/disclaimer-and-tos\/","title":{"rendered":"disclaimer and tos"},"content":{"rendered":"<div data-elementor-type=\"wp-page\" data-elementor-id=\"788\" class=\"elementor elementor-788\">\n\t\t\t\t\t\t\t\t\t<section class=\"elementor-section elementor-top-section elementor-element elementor-element-dc8def9 elementor-section-boxed elementor-section-height-default elementor-section-height-default\" data-id=\"dc8def9\" data-element_type=\"section\">\n\t\t\t\t\t\t<div class=\"elementor-container elementor-column-gap-default\">\n\t\t\t\t\t<div class=\"elementor-column elementor-col-100 elementor-top-column elementor-element elementor-element-285d73f\" data-id=\"285d73f\" data-element_type=\"column\">\n\t\t\t<div class=\"elementor-widget-wrap elementor-element-populated\">\n\t\t\t\t\t\t\t\t<div class=\"elementor-element elementor-element-1de8e4b elementor-widget elementor-widget-text-editor\" data-id=\"1de8e4b\" data-element_type=\"widget\" data-widget_type=\"text-editor.default\">\n\t\t\t\t<div class=\"elementor-widget-container\">\n\t\t\t<style>\/*! elementor - v3.18.0 - 20-12-2023 *\/\n.elementor-widget-text-editor.elementor-drop-cap-view-stacked .elementor-drop-cap{background-color:#69727d;color:#fff}.elementor-widget-text-editor.elementor-drop-cap-view-framed .elementor-drop-cap{color:#69727d;border:3px solid;background-color:transparent}.elementor-widget-text-editor:not(.elementor-drop-cap-view-default) .elementor-drop-cap{margin-top:8px}.elementor-widget-text-editor:not(.elementor-drop-cap-view-default) .elementor-drop-cap-letter{width:1em;height:1em}.elementor-widget-text-editor .elementor-drop-cap{float:left;text-align:center;line-height:1;font-size:50px}.elementor-widget-text-editor .elementor-drop-cap-letter{display:inline-block}<\/style>\t\t\t\t<p>coaching haftungsausschluss &amp; verzichtserkl\u00e4rung<\/p>\t\t\t\t\t\t<\/div>\n\t\t\t\t<\/div>\n\t\t\t\t<div class=\"elementor-element elementor-element-fca4786 elementor-widget elementor-widget-text-editor\" data-id=\"fca4786\" data-element_type=\"widget\" data-widget_type=\"text-editor.default\">\n\t\t\t\t<div class=\"elementor-widget-container\">\n\t\t\t\t\t\t\t<p>alle coaching-dienstleistungen und kommunikation (per e-mail oder anderweitig), die von Music.Art Vienna angeboten werden, sowie die informationen auf dieser website musicart-vienna.com sind dazu gedacht, dir zu helfen, die bereiche in deinem leben und in deinem denken zu identifizieren, die dir im weg stehen, oder dich zu st\u00e4rken, zu inspirieren und zu lehren. <\/p><p>coaching ist keine professionelle psychologische oder medizinische betreuung. wenn du das gef\u00fchl hast, dass deine f\u00e4higkeit im alltag zu funktionieren beeintr\u00e4chtigt ist, habe bitte den mut, dir die n\u00f6tige hilfe von einer professionellen therapeutin zu holen. <br \/>ebenso solltest du einen arzt aufsuchen, wenn du das Gef\u00fchl hast, dass deine k\u00f6rperliche gesundheit verbesserungsbed\u00fcrftig ist. <br \/>coaching kann eine therapie erg\u00e4nzen, aber die arbeit des coachings ist dann am wirksamsten, wenn gr\u00f6\u00dfere (k\u00f6rperliche, emotionale und psychologische) wunden bereits geheilt sind oder geheilt werden. <\/p><p>in diesem sinne best\u00e4tigst du mit dem erwerb von dienstleistungen von uns, dass du alle erkl\u00e4rungen gelesen und akzeptiert hast und dass du fortfahren m\u00f6chtest:<br \/>- ich verstehe, dass die coaching-dienstleistungen, die ich von meinem coach erhalten werde, nicht als ersatz f\u00fcr professionelle psychische oder medizinische betreuung angeboten werden und nicht dazu gedacht sind, psychische oder medizinische krankheiten zu diagnostizieren, zu behandeln oder zu heilen. ich verstehe auch, dass mein coach nicht als psychologischer berater oder medizinischer fachmann handelt.<br \/><br \/>- ich verstehe, dass coaching derzeit eine unregulierte branche ist und dass mein coach nicht von einer international anerkannten regulierungsbeh\u00f6rde lizenziert ist. ich verstehe auch, dass f\u00fcr alle rechtlichen zwecke die von meinem coach erbrachten dienstleistungen als von einem beliebigen ort weltweit oder sonst in \u00f6sterreich erbracht gelten <br \/><br \/>- ich verstehe und stimme zu, dass ich die volle verantwortung f\u00fcr mein wohlbefinden w\u00e4hrend der coaching-sitzungen und danach trage, einschlie\u00dflich meiner auswahl und entscheidungen.<br \/><br \/>- ich verstehe, dass coaching kein ersatz f\u00fcr beratung, psychotherapie, psychoanalyse, psychiatrische behandlung oder behandlung wegen substanzmissbrauchs ist, und ich werde es nicht anstelle irgendeiner form von therapie einsetzen.<br \/><br \/>- ich verstehe, dass alle kommentare und ideen, die von meinem coach angeboten werden, ausschlie\u00dflich dem zweck dienen, mir zu helfen, meine definierten ziele zu erreichen. ich habe die f\u00e4higkeit, meine informierte zustimmung zu geben, und gebe hiermit meinem coach die zustimmung, mich beim erreichen dieser ziele zu unterst\u00fctzen.<br \/><br \/>- ich verstehe, dass mein coach, soweit unsere gemeinsame arbeit die karriere oder das gesch\u00e4ftsleben betrifft, keine ergebnisse verspricht, einschlie\u00dflich, aber nicht beschr\u00e4nkt auf einen erh\u00f6hten kundenstamm, profitabilit\u00e4t und\/oder gesch\u00e4ftlichen erfolg.<br \/><br \/>- ich verstehe, dass mein coach meine informationen vertraulich behandeln wird, es sei denn, ich erkl\u00e4re schriftlich etwas anderes. wenn ich kinder- oder altersmissbrauch oder vernachl\u00e4ssigung melde oder drohe, mir selbst oder jemand anderem schaden zuzuf\u00fcgen, verstehe ich, dass die notwendigen ma\u00dfnahmen ergriffen werden und meine vertraulichkeitsvereinbarung in dieser funktion eingeschr\u00e4nkt wird. au\u00dferdem wird mein coach, wenn er von einem gericht aufgefordert wird, informationen zur verf\u00fcgung zu stellen oder auszusagen, dies in dem umfang tun, wie es das gesetz verlangt.<br \/><br \/>- ich verstehe, dass die nutzung von technologie nicht immer sicher ist und ich akzeptiere die risiken der vertraulichkeit bei der nutzung von email, text, telefon, zoom und anderer technologie.<br \/><br \/>- ich entbinde, verzichte, spreche meinen coach, seine vertreter, nachfolger, abtretungsempf\u00e4nger, pers\u00f6nlichen vertreter, testamentsvollstrecker, erben und angestellten f\u00fcr immer von allen anspr\u00fcchen, klagen, forderungen oder schadensersatzanspr\u00fcchen frei, die sich aus handlungen oder unterlassungen meinerseits oder meines coachs ergeben, die auf die beratung durch meinen coach zur\u00fcckzuf\u00fchren sind oder anderweitig aus der in dieser vereinbarung vorgesehenen coachingbeziehung resultieren. ich erkl\u00e4re ferner und versichere, dass mir keine versprechen, anreize oder vereinbarungen, die nicht in dieser vereinbarung zum ausdruck kommen, gemacht wurden, um diese vereinbarung zu unterzeichnen. diese vereinbarung soll meine erben, testamentsvollstrecker, pers\u00f6nlichen vertreter, nachfolger, abtretungsempf\u00e4nger und agenten binden.<\/p>\t\t\t\t\t\t<\/div>\n\t\t\t\t<\/div>\n\t\t\t\t\t<\/div>\n\t\t<\/div>\n\t\t\t\t\t\t\t<\/div>\n\t\t<\/section>\n\t\t\t\t<section class=\"elementor-section elementor-top-section elementor-element elementor-element-4e6e724 elementor-section-boxed elementor-section-height-default elementor-section-height-default\" data-id=\"4e6e724\" data-element_type=\"section\">\n\t\t\t\t\t\t<div class=\"elementor-container elementor-column-gap-default\">\n\t\t\t\t\t<div class=\"elementor-column elementor-col-100 elementor-top-column elementor-element elementor-element-1af1dd3\" data-id=\"1af1dd3\" data-element_type=\"column\">\n\t\t\t<div class=\"elementor-widget-wrap elementor-element-populated\">\n\t\t\t\t\t\t\t\t<div class=\"elementor-element elementor-element-c4b7832 elementor-shape-circle elementor-grid-0 e-grid-align-center elementor-widget elementor-widget-social-icons\" data-id=\"c4b7832\" data-element_type=\"widget\" data-settings=\"{&quot;_animation&quot;:&quot;none&quot;}\" data-widget_type=\"social-icons.default\">\n\t\t\t\t<div class=\"elementor-widget-container\">\n\t\t\t<style>\/*! elementor - v3.18.0 - 20-12-2023 *\/\n.elementor-widget-social-icons.elementor-grid-0 .elementor-widget-container,.elementor-widget-social-icons.elementor-grid-mobile-0 .elementor-widget-container,.elementor-widget-social-icons.elementor-grid-tablet-0 .elementor-widget-container{line-height:1;font-size:0}.elementor-widget-social-icons:not(.elementor-grid-0):not(.elementor-grid-tablet-0):not(.elementor-grid-mobile-0) .elementor-grid{display:inline-grid}.elementor-widget-social-icons .elementor-grid{grid-column-gap:var(--grid-column-gap,5px);grid-row-gap:var(--grid-row-gap,5px);grid-template-columns:var(--grid-template-columns);justify-content:var(--justify-content,center);justify-items:var(--justify-content,center)}.elementor-icon.elementor-social-icon{font-size:var(--icon-size,25px);line-height:var(--icon-size,25px);width:calc(var(--icon-size, 25px) + 2 * var(--icon-padding, .5em));height:calc(var(--icon-size, 25px) + 2 * var(--icon-padding, .5em))}.elementor-social-icon{--e-social-icon-icon-color:#fff;display:inline-flex;background-color:#69727d;align-items:center;justify-content:center;text-align:center;cursor:pointer}.elementor-social-icon i{color:var(--e-social-icon-icon-color)}.elementor-social-icon svg{fill:var(--e-social-icon-icon-color)}.elementor-social-icon:last-child{margin:0}.elementor-social-icon:hover{opacity:.9;color:#fff}.elementor-social-icon-android{background-color:#a4c639}.elementor-social-icon-apple{background-color:#999}.elementor-social-icon-behance{background-color:#1769ff}.elementor-social-icon-bitbucket{background-color:#205081}.elementor-social-icon-codepen{background-color:#000}.elementor-social-icon-delicious{background-color:#39f}.elementor-social-icon-deviantart{background-color:#05cc47}.elementor-social-icon-digg{background-color:#005be2}.elementor-social-icon-dribbble{background-color:#ea4c89}.elementor-social-icon-elementor{background-color:#d30c5c}.elementor-social-icon-envelope{background-color:#ea4335}.elementor-social-icon-facebook,.elementor-social-icon-facebook-f{background-color:#3b5998}.elementor-social-icon-flickr{background-color:#0063dc}.elementor-social-icon-foursquare{background-color:#2d5be3}.elementor-social-icon-free-code-camp,.elementor-social-icon-freecodecamp{background-color:#006400}.elementor-social-icon-github{background-color:#333}.elementor-social-icon-gitlab{background-color:#e24329}.elementor-social-icon-globe{background-color:#69727d}.elementor-social-icon-google-plus,.elementor-social-icon-google-plus-g{background-color:#dd4b39}.elementor-social-icon-houzz{background-color:#7ac142}.elementor-social-icon-instagram{background-color:#262626}.elementor-social-icon-jsfiddle{background-color:#487aa2}.elementor-social-icon-link{background-color:#818a91}.elementor-social-icon-linkedin,.elementor-social-icon-linkedin-in{background-color:#0077b5}.elementor-social-icon-medium{background-color:#00ab6b}.elementor-social-icon-meetup{background-color:#ec1c40}.elementor-social-icon-mixcloud{background-color:#273a4b}.elementor-social-icon-odnoklassniki{background-color:#f4731c}.elementor-social-icon-pinterest{background-color:#bd081c}.elementor-social-icon-product-hunt{background-color:#da552f}.elementor-social-icon-reddit{background-color:#ff4500}.elementor-social-icon-rss{background-color:#f26522}.elementor-social-icon-shopping-cart{background-color:#4caf50}.elementor-social-icon-skype{background-color:#00aff0}.elementor-social-icon-slideshare{background-color:#0077b5}.elementor-social-icon-snapchat{background-color:#fffc00}.elementor-social-icon-soundcloud{background-color:#f80}.elementor-social-icon-spotify{background-color:#2ebd59}.elementor-social-icon-stack-overflow{background-color:#fe7a15}.elementor-social-icon-steam{background-color:#00adee}.elementor-social-icon-stumbleupon{background-color:#eb4924}.elementor-social-icon-telegram{background-color:#2ca5e0}.elementor-social-icon-thumb-tack{background-color:#1aa1d8}.elementor-social-icon-tripadvisor{background-color:#589442}.elementor-social-icon-tumblr{background-color:#35465c}.elementor-social-icon-twitch{background-color:#6441a5}.elementor-social-icon-twitter{background-color:#1da1f2}.elementor-social-icon-viber{background-color:#665cac}.elementor-social-icon-vimeo{background-color:#1ab7ea}.elementor-social-icon-vk{background-color:#45668e}.elementor-social-icon-weibo{background-color:#dd2430}.elementor-social-icon-weixin{background-color:#31a918}.elementor-social-icon-whatsapp{background-color:#25d366}.elementor-social-icon-wordpress{background-color:#21759b}.elementor-social-icon-xing{background-color:#026466}.elementor-social-icon-yelp{background-color:#af0606}.elementor-social-icon-youtube{background-color:#cd201f}.elementor-social-icon-500px{background-color:#0099e5}.elementor-shape-rounded .elementor-icon.elementor-social-icon{border-radius:10%}.elementor-shape-circle .elementor-icon.elementor-social-icon{border-radius:50%}<\/style>\t\t<div class=\"elementor-social-icons-wrapper elementor-grid\">\n\t\t\t\t\t\t\t<span class=\"elementor-grid-item\">\n\t\t\t\t\t<a class=\"elementor-icon elementor-social-icon elementor-social-icon-facebook elementor-repeater-item-9a5f820\" href=\"https:\/\/www.facebook.com\/Music.ArtVienna\/\" target=\"_blank\" rel=\"noopener\">\n\t\t\t\t\t\t<span class=\"elementor-screen-only\">Facebook<\/span>\n\t\t\t\t\t\t<svg class=\"e-font-icon-svg e-fab-facebook\" viewbox=\"0 0 512 512\" xmlns=\"http:\/\/www.w3.org\/2000\/svg\"><path d=\"M504 256C504 119 393 8 256 8S8 119 8 256c0 123.78 90.69 226.38 209.25 245V327.69h-63V256h63v-54.64c0-62.15 37-96.48 93.67-96.48 27.14 0 55.52 4.84 55.52 4.84v61h-31.28c-30.8 0-40.41 19.12-40.41 38.73V256h68.78l-11 71.69h-57.78V501C413.31 482.38 504 379.78 504 256z\"><\/path><\/svg>\t\t\t\t\t<\/a>\n\t\t\t\t<\/span>\n\t\t\t\t\t\t\t<span class=\"elementor-grid-item\">\n\t\t\t\t\t<a class=\"elementor-icon elementor-social-icon elementor-social-icon-instagram elementor-repeater-item-73d5e57\" href=\"https:\/\/www.instagram.com\/musicartvienna\/\" target=\"_blank\" rel=\"noopener\">\n\t\t\t\t\t\t<span class=\"elementor-screen-only\">Instagram<\/span>\n\t\t\t\t\t\t<svg class=\"e-font-icon-svg e-fab-instagram\" viewbox=\"0 0 448 512\" xmlns=\"http:\/\/www.w3.org\/2000\/svg\"><path d=\"M224.1 141c-63.6 0-114.9 51.3-114.9 114.9s51.3 114.9 114.9 114.9S339 319.5 339 255.9 287.7 141 224.1 141zm0 189.6c-41.1 0-74.7-33.5-74.7-74.7s33.5-74.7 74.7-74.7 74.7 33.5 74.7 74.7-33.6 74.7-74.7 74.7zm146.4-194.3c0 14.9-12 26.8-26.8 26.8-14.9 0-26.8-12-26.8-26.8s12-26.8 26.8-26.8 26.8 12 26.8 26.8zm76.1 27.2c-1.7-35.9-9.9-67.7-36.2-93.9-26.2-26.2-58-34.4-93.9-36.2-37-2.1-147.9-2.1-184.9 0-35.8 1.7-67.6 9.9-93.9 36.1s-34.4 58-36.2 93.9c-2.1 37-2.1 147.9 0 184.9 1.7 35.9 9.9 67.7 36.2 93.9s58 34.4 93.9 36.2c37 2.1 147.9 2.1 184.9 0 35.9-1.7 67.7-9.9 93.9-36.2 26.2-26.2 34.4-58 36.2-93.9 2.1-37 2.1-147.8 0-184.8zM398.8 388c-7.8 19.6-22.9 34.7-42.6 42.6-29.5 11.7-99.5 9-132.1 9s-102.7 2.6-132.1-9c-19.6-7.8-34.7-22.9-42.6-42.6-11.7-29.5-9-99.5-9-132.1s-2.6-102.7 9-132.1c7.8-19.6 22.9-34.7 42.6-42.6 29.5-11.7 99.5-9 132.1-9s102.7-2.6 132.1 9c19.6 7.8 34.7 22.9 42.6 42.6 11.7 29.5 9 99.5 9 132.1s2.7 102.7-9 132.1z\"><\/path><\/svg>\t\t\t\t\t<\/a>\n\t\t\t\t<\/span>\n\t\t\t\t\t<\/div>\n\t\t\t\t<\/div>\n\t\t\t\t<\/div>\n\t\t\t\t\t<\/div>\n\t\t<\/div>\n\t\t\t\t\t\t\t<\/div>\n\t\t<\/section>\n\t\t\t\t<section class=\"elementor-section elementor-top-section elementor-element elementor-element-f1a0d0d elementor-section-boxed elementor-section-height-default elementor-section-height-default\" data-id=\"f1a0d0d\" data-element_type=\"section\">\n\t\t\t\t\t\t<div class=\"elementor-container elementor-column-gap-default\">\n\t\t\t\t\t<div class=\"elementor-column elementor-col-100 elementor-top-column elementor-element elementor-element-f6a3291\" data-id=\"f6a3291\" data-element_type=\"column\">\n\t\t\t<div class=\"elementor-widget-wrap elementor-element-populated\">\n\t\t\t\t\t\t\t\t<section class=\"elementor-section elementor-inner-section elementor-element elementor-element-09db428 elementor-section-boxed elementor-section-height-default elementor-section-height-default\" data-id=\"09db428\" data-element_type=\"section\">\n\t\t\t\t\t\t<div class=\"elementor-container elementor-column-gap-default\">\n\t\t\t\t\t<div class=\"elementor-column elementor-col-14 elementor-inner-column elementor-element elementor-element-80ce1ee\" data-id=\"80ce1ee\" data-element_type=\"column\">\n\t\t\t<div class=\"elementor-widget-wrap elementor-element-populated\">\n\t\t\t\t\t\t\t\t<div class=\"elementor-element elementor-element-310d72f elementor-widget elementor-widget-text-editor\" data-id=\"310d72f\" data-element_type=\"widget\" data-settings=\"{&quot;_animation&quot;:&quot;none&quot;}\" data-widget_type=\"text-editor.default\">\n\t\t\t\t<div class=\"elementor-widget-container\">\n\t\t\t\t\t\t\t<p style=\"text-align: center;\"><a href=\"http:\/\/www.musicart-vienna.com\/de\/\">Home<\/a><\/p>\t\t\t\t\t\t<\/div>\n\t\t\t\t<\/div>\n\t\t\t\t\t<\/div>\n\t\t<\/div>\n\t\t\t\t<div class=\"elementor-column elementor-col-14 elementor-inner-column elementor-element elementor-element-59bbe33\" data-id=\"59bbe33\" data-element_type=\"column\">\n\t\t\t<div class=\"elementor-widget-wrap elementor-element-populated\">\n\t\t\t\t\t\t\t\t<div class=\"elementor-element elementor-element-7f30268 elementor-widget elementor-widget-text-editor\" data-id=\"7f30268\" data-element_type=\"widget\" data-settings=\"{&quot;_animation&quot;:&quot;none&quot;}\" data-widget_type=\"text-editor.default\">\n\t\t\t\t<div class=\"elementor-widget-container\">\n\t\t\t\t\t\t\t<p style=\"text-align: center;\"><a href=\"http:\/\/www.musicart-vienna.com\/de\/voice-art\/\">voice.art<\/a><\/p>\t\t\t\t\t\t<\/div>\n\t\t\t\t<\/div>\n\t\t\t\t<div class=\"elementor-element elementor-element-53a6aac elementor-widget elementor-widget-text-editor\" data-id=\"53a6aac\" data-element_type=\"widget\" data-widget_type=\"text-editor.default\">\n\t\t\t\t<div class=\"elementor-widget-container\">\n\t\t\t\t\t\t\t<p style=\"text-align: center;\"><a href=\"http:\/\/www.musicart-vienna.com\/de\/legal\/\" target=\"_blank\" rel=\"noopener\">impressum<\/a><\/p>\t\t\t\t\t\t<\/div>\n\t\t\t\t<\/div>\n\t\t\t\t\t<\/div>\n\t\t<\/div>\n\t\t\t\t<div class=\"elementor-column elementor-col-14 elementor-inner-column elementor-element elementor-element-8f90d82\" data-id=\"8f90d82\" data-element_type=\"column\">\n\t\t\t<div class=\"elementor-widget-wrap elementor-element-populated\">\n\t\t\t\t\t\t\t\t<div class=\"elementor-element elementor-element-5026db9 elementor-widget elementor-widget-text-editor\" data-id=\"5026db9\" data-element_type=\"widget\" data-settings=\"{&quot;_animation&quot;:&quot;none&quot;}\" data-widget_type=\"text-editor.default\">\n\t\t\t\t<div class=\"elementor-widget-container\">\n\t\t\t\t\t\t\t<p style=\"text-align: center;\"><a href=\"http:\/\/www.musicart-vienna.com\/de\/producing-art\/\">producing.art<\/a><\/p>\t\t\t\t\t\t<\/div>\n\t\t\t\t<\/div>\n\t\t\t\t\t<\/div>\n\t\t<\/div>\n\t\t\t\t<div class=\"elementor-column elementor-col-14 elementor-inner-column elementor-element elementor-element-394da62\" data-id=\"394da62\" data-element_type=\"column\">\n\t\t\t<div class=\"elementor-widget-wrap elementor-element-populated\">\n\t\t\t\t\t\t\t\t<div class=\"elementor-element elementor-element-0420c2c elementor-widget elementor-widget-text-editor\" data-id=\"0420c2c\" data-element_type=\"widget\" data-settings=\"{&quot;_animation&quot;:&quot;none&quot;}\" data-widget_type=\"text-editor.default\">\n\t\t\t\t<div class=\"elementor-widget-container\">\n\t\t\t\t\t\t\t<p style=\"text-align: center;\"><a href=\"http:\/\/www.musicart-vienna.com\/de\/musicbiz-art\/\">musicbiz.art<\/a><\/p>\t\t\t\t\t\t<\/div>\n\t\t\t\t<\/div>\n\t\t\t\t<div class=\"elementor-element elementor-element-9f67612 elementor-widget elementor-widget-text-editor\" data-id=\"9f67612\" data-element_type=\"widget\" data-widget_type=\"text-editor.default\">\n\t\t\t\t<div class=\"elementor-widget-container\">\n\t\t\t\t\t\t\t<p style=\"text-align: center;\"><a href=\"http:\/\/www.musicart-vienna.com\/de\/disclaimer-and-tos\/\" target=\"_blank\" rel=\"nofollow noopener\">haftungsbeschr\u00e4nkung<\/a><\/p>\t\t\t\t\t\t<\/div>\n\t\t\t\t<\/div>\n\t\t\t\t\t<\/div>\n\t\t<\/div>\n\t\t\t\t<div class=\"elementor-column elementor-col-14 elementor-inner-column elementor-element elementor-element-f1a1518\" data-id=\"f1a1518\" data-element_type=\"column\">\n\t\t\t<div class=\"elementor-widget-wrap elementor-element-populated\">\n\t\t\t\t\t\t\t\t<div class=\"elementor-element elementor-element-d85a9c8 elementor-widget elementor-widget-text-editor\" data-id=\"d85a9c8\" data-element_type=\"widget\" data-settings=\"{&quot;_animation&quot;:&quot;none&quot;}\" data-widget_type=\"text-editor.default\">\n\t\t\t\t<div class=\"elementor-widget-container\">\n\t\t\t\t\t\t\t<p style=\"text-align: center;\"><a href=\"http:\/\/www.musicart-vienna.com\/de\/about\/\">\u00dcber Uns<\/a><\/p>\t\t\t\t\t\t<\/div>\n\t\t\t\t<\/div>\n\t\t\t\t\t<\/div>\n\t\t<\/div>\n\t\t\t\t<div class=\"elementor-column elementor-col-14 elementor-inner-column elementor-element elementor-element-95fb27f\" data-id=\"95fb27f\" data-element_type=\"column\">\n\t\t\t<div class=\"elementor-widget-wrap elementor-element-populated\">\n\t\t\t\t\t\t\t\t<div class=\"elementor-element elementor-element-dcbc6b4 elementor-widget elementor-widget-text-editor\" data-id=\"dcbc6b4\" data-element_type=\"widget\" data-settings=\"{&quot;_animation&quot;:&quot;none&quot;}\" data-widget_type=\"text-editor.default\">\n\t\t\t\t<div class=\"elementor-widget-container\">\n\t\t\t\t\t\t\t<p style=\"text-align: center;\"><a href=\"http:\/\/www.musicart-vienna.com\/de\/clients\/\">k\u00fcnstler<\/a><\/p>\t\t\t\t\t\t<\/div>\n\t\t\t\t<\/div>\n\t\t\t\t<div class=\"elementor-element elementor-element-ad0f03f elementor-widget elementor-widget-text-editor\" data-id=\"ad0f03f\" data-element_type=\"widget\" data-widget_type=\"text-editor.default\">\n\t\t\t\t<div class=\"elementor-widget-container\">\n\t\t\t\t\t\t\t<p style=\"text-align: center;\"><a href=\"http:\/\/www.musicart-vienna.com\/de\/privacy\/\" target=\"_blank\" rel=\"noopener\">datenschutz<\/a><\/p>\t\t\t\t\t\t<\/div>\n\t\t\t\t<\/div>\n\t\t\t\t\t<\/div>\n\t\t<\/div>\n\t\t\t\t<div class=\"elementor-column elementor-col-14 elementor-inner-column elementor-element elementor-element-4b1f046\" data-id=\"4b1f046\" data-element_type=\"column\">\n\t\t\t<div class=\"elementor-widget-wrap elementor-element-populated\">\n\t\t\t\t\t\t\t\t<div class=\"elementor-element elementor-element-9148e4a elementor-widget elementor-widget-text-editor\" data-id=\"9148e4a\" data-element_type=\"widget\" data-settings=\"{&quot;_animation&quot;:&quot;none&quot;}\" data-widget_type=\"text-editor.default\">\n\t\t\t\t<div class=\"elementor-widget-container\">\n\t\t\t\t\t\t\t<p style=\"text-align: center;\"><a href=\"mailto:office@musicart-vienna.com\">kontaktiere uns<\/a><\/p>\t\t\t\t\t\t<\/div>\n\t\t\t\t<\/div>\n\t\t\t\t\t<\/div>\n\t\t<\/div>\n\t\t\t\t\t\t\t<\/div>\n\t\t<\/section>\n\t\t\t\t\t<\/div>\n\t\t<\/div>\n\t\t\t\t\t\t\t<\/div>\n\t\t<\/section>\n\t\t\t\t\t\t\t<\/div>","protected":false},"excerpt":{"rendered":"<p>Coaching Disclaimer &amp; Waiver all coaching services and communicationemail or otherwise, delivered by Music.Art Vienna as well as information on this website musicart-vienna.com&hellip;<\/p>","protected":false},"author":1,"featured_media":0,"parent":0,"menu_order":0,"comment_status":"closed","ping_status":"closed","template":"elementor_header_footer","meta":{"footnotes":""},"class_list":["post-788","page","type-page","status-publish","hentry"],"_links":{"self":[{"href":"http:\/\/www.musicart-vienna.com\/de\/wp-json\/wp\/v2\/pages\/788"}],"collection":[{"href":"http:\/\/www.musicart-vienna.com\/de\/wp-json\/wp\/v2\/pages"}],"about":[{"href":"http:\/\/www.musicart-vienna.com\/de\/wp-json\/wp\/v2\/types\/page"}],"author":[{"embeddable":true,"href":"http:\/\/www.musicart-vienna.com\/de\/wp-json\/wp\/v2\/users\/1"}],"replies":[{"embeddable":true,"href":"http:\/\/www.musicart-vienna.com\/de\/wp-json\/wp\/v2\/comments?post=788"}],"version-history":[{"count":16,"href":"http:\/\/www.musicart-vienna.com\/de\/wp-json\/wp\/v2\/pages\/788\/revisions"}],"predecessor-version":[{"id":1162,"href":"http:\/\/www.musicart-vienna.com\/de\/wp-json\/wp\/v2\/pages\/788\/revisions\/1162"}],"wp:attachment":[{"href":"http:\/\/www.musicart-vienna.com\/de\/wp-json\/wp\/v2\/media?parent=788"}],"curies":[{"name":"wp","href":"https:\/\/api.w.org\/{rel}","templated":true}]}}