{"id":2759,"date":"2023-04-12T22:17:46","date_gmt":"2023-04-12T20:17:46","guid":{"rendered":"http:\/\/www.musicart-vienna.com\/?page_id=2759"},"modified":"2023-04-13T20:37:56","modified_gmt":"2023-04-13T18:37:56","slug":"keynote-speakers","status":"publish","type":"page","link":"http:\/\/www.musicart-vienna.com\/de\/keynote-speakers\/","title":{"rendered":"Keynote Speakers"},"content":{"rendered":"<div data-elementor-type=\"wp-page\" data-elementor-id=\"2759\" class=\"elementor elementor-2759\">\n\t\t\t\t\t\t\t\t\t<section class=\"elementor-section elementor-top-section elementor-element elementor-element-274eb7c elementor-section-boxed elementor-section-height-default elementor-section-height-default\" data-id=\"274eb7c\" data-element_type=\"section\">\n\t\t\t\t\t\t<div class=\"elementor-container elementor-column-gap-default\">\n\t\t\t\t\t<div class=\"elementor-column elementor-col-100 elementor-top-column elementor-element elementor-element-6f0f2b0\" data-id=\"6f0f2b0\" data-element_type=\"column\">\n\t\t\t<div class=\"elementor-widget-wrap elementor-element-populated\">\n\t\t\t\t\t\t\t\t<div class=\"elementor-element elementor-element-859a695 elementor-widget elementor-widget-heading\" data-id=\"859a695\" data-element_type=\"widget\" data-widget_type=\"heading.default\">\n\t\t\t\t<div class=\"elementor-widget-container\">\n\t\t\t<style>\/*! elementor - v3.18.0 - 20-12-2023 *\/\n.elementor-heading-title{padding:0;margin:0;line-height:1}.elementor-widget-heading .elementor-heading-title[class*=elementor-size-]>a{color:inherit;font-size:inherit;line-height:inherit}.elementor-widget-heading .elementor-heading-title.elementor-size-small{font-size:15px}.elementor-widget-heading .elementor-heading-title.elementor-size-medium{font-size:19px}.elementor-widget-heading .elementor-heading-title.elementor-size-large{font-size:29px}.elementor-widget-heading .elementor-heading-title.elementor-size-xl{font-size:39px}.elementor-widget-heading .elementor-heading-title.elementor-size-xxl{font-size:59px}<\/style><h2 class=\"elementor-heading-title elementor-size-default\">Deine Embodied Voice - dein Impact als Speaker & Keynote Speaker<\/h2>\t\t<\/div>\n\t\t\t\t<\/div>\n\t\t\t\t<section class=\"elementor-section elementor-inner-section elementor-element elementor-element-9bdf3f9 elementor-section-boxed elementor-section-height-default elementor-section-height-default\" data-id=\"9bdf3f9\" data-element_type=\"section\">\n\t\t\t\t\t\t<div class=\"elementor-container elementor-column-gap-default\">\n\t\t\t\t\t<div class=\"elementor-column elementor-col-50 elementor-inner-column elementor-element elementor-element-73c23e2\" data-id=\"73c23e2\" data-element_type=\"column\">\n\t\t\t<div class=\"elementor-widget-wrap elementor-element-populated\">\n\t\t\t\t\t\t\t\t<div class=\"elementor-element elementor-element-0ff05be elementor-widget elementor-widget-text-editor\" data-id=\"0ff05be\" data-element_type=\"widget\" data-widget_type=\"text-editor.default\">\n\t\t\t\t<div class=\"elementor-widget-container\">\n\t\t\t<style>\/*! elementor - v3.18.0 - 20-12-2023 *\/\n.elementor-widget-text-editor.elementor-drop-cap-view-stacked .elementor-drop-cap{background-color:#69727d;color:#fff}.elementor-widget-text-editor.elementor-drop-cap-view-framed .elementor-drop-cap{color:#69727d;border:3px solid;background-color:transparent}.elementor-widget-text-editor:not(.elementor-drop-cap-view-default) .elementor-drop-cap{margin-top:8px}.elementor-widget-text-editor:not(.elementor-drop-cap-view-default) .elementor-drop-cap-letter{width:1em;height:1em}.elementor-widget-text-editor .elementor-drop-cap{float:left;text-align:center;line-height:1;font-size:50px}.elementor-widget-text-editor .elementor-drop-cap-letter{display:inline-block}<\/style>\t\t\t\t<p>Du bist Speaker, Keynote Speaker oder tr\u00e4umst davon einer zu sein?<\/p><p>Du arbeitest viel und herausfordernd mit deiner Stimme?<\/p><p>Du w\u00fcnscht dir mehr Kraft &amp; Sicherheit beim Sprechen und starke emotionale Wirkung auf deine Zuh\u00f6ererschaft?<\/p><p>Embodied Voice machts m\u00f6glich.<\/p><p>Starte mit mir jetzt deinen Weg zu Speeches, die alle bisherigen Grenzen sprengen.<\/p><p>Erlebe, wie du mit deiner neu gewonnen Sicherheit mehr Buchungen checkst und dadurch im Ranking der gut verdienenden Speaker aufsteigst\u00a0<\/p><p>Die innovative und tiefgriefende Embodied Voice <sup>TM<\/sup> Methode gibt dir nicht nur technische Sicherheit in deiner Stimme, sondern erm\u00f6glicht dir durch KRAFT, PR\u00c4SENZ und AUTHENTIZIT\u00c4T <\/p>\t\t\t\t\t\t<\/div>\n\t\t\t\t<\/div>\n\t\t\t\t\t<\/div>\n\t\t<\/div>\n\t\t\t\t<div class=\"elementor-column elementor-col-50 elementor-inner-column elementor-element elementor-element-2a4dec1\" data-id=\"2a4dec1\" data-element_type=\"column\">\n\t\t\t<div class=\"elementor-widget-wrap elementor-element-populated\">\n\t\t\t\t\t\t\t\t<div class=\"elementor-element elementor-element-47f5c38 elementor-widget elementor-widget-image\" data-id=\"47f5c38\" data-element_type=\"widget\" data-widget_type=\"image.default\">\n\t\t\t\t<div class=\"elementor-widget-container\">\n\t\t\t<style>\/*! elementor - v3.18.0 - 20-12-2023 *\/\n.elementor-widget-image{text-align:center}.elementor-widget-image a{display:inline-block}.elementor-widget-image a img[src$=\".svg\"]{width:48px}.elementor-widget-image img{vertical-align:middle;display:inline-block}<\/style>\t\t\t\t\t\t\t\t\t\t\t\t<img fetchpriority=\"high\" decoding=\"async\" width=\"900\" height=\"603\" src=\"http:\/\/www.musicart-vienna.com\/wp-content\/uploads\/2023\/04\/Keynote_speaker_4047504996.jpg\" class=\"attachment-large size-large wp-image-2762\" alt=\"\" srcset=\"http:\/\/www.musicart-vienna.com\/wp-content\/uploads\/2023\/04\/Keynote_speaker_4047504996.jpg 1020w, http:\/\/www.musicart-vienna.com\/wp-content\/uploads\/2023\/04\/Keynote_speaker_4047504996-300x201.jpg 300w, http:\/\/www.musicart-vienna.com\/wp-content\/uploads\/2023\/04\/Keynote_speaker_4047504996-768x514.jpg 768w, http:\/\/www.musicart-vienna.com\/wp-content\/uploads\/2023\/04\/Keynote_speaker_4047504996-18x12.jpg 18w\" sizes=\"(max-width: 900px) 100vw, 900px\" \/>\t\t\t\t\t\t\t\t\t\t\t\t\t\t\t<\/div>\n\t\t\t\t<\/div>\n\t\t\t\t\t<\/div>\n\t\t<\/div>\n\t\t\t\t\t\t\t<\/div>\n\t\t<\/section>\n\t\t\t\t<section class=\"elementor-section elementor-inner-section elementor-element elementor-element-5f554c9 elementor-section-boxed elementor-section-height-default elementor-section-height-default\" data-id=\"5f554c9\" data-element_type=\"section\">\n\t\t\t\t\t\t<div class=\"elementor-container elementor-column-gap-default\">\n\t\t\t\t\t<div class=\"elementor-column elementor-col-50 elementor-inner-column elementor-element elementor-element-d4e8c5f\" data-id=\"d4e8c5f\" data-element_type=\"column\">\n\t\t\t<div class=\"elementor-widget-wrap elementor-element-populated\">\n\t\t\t\t\t\t\t\t<div class=\"elementor-element elementor-element-3b5ba28 elementor-widget elementor-widget-image\" data-id=\"3b5ba28\" data-element_type=\"widget\" data-widget_type=\"image.default\">\n\t\t\t\t<div class=\"elementor-widget-container\">\n\t\t\t\t\t\t\t\t\t\t\t\t\t\t\t<img decoding=\"async\" width=\"900\" height=\"600\" src=\"http:\/\/www.musicart-vienna.com\/wp-content\/uploads\/2023\/04\/Keynote-speakwer-1024x683.jpg\" class=\"attachment-large size-large wp-image-2761\" alt=\"\" srcset=\"http:\/\/www.musicart-vienna.com\/wp-content\/uploads\/2023\/04\/Keynote-speakwer-1024x683.jpg 1024w, http:\/\/www.musicart-vienna.com\/wp-content\/uploads\/2023\/04\/Keynote-speakwer-300x200.jpg 300w, http:\/\/www.musicart-vienna.com\/wp-content\/uploads\/2023\/04\/Keynote-speakwer-768x512.jpg 768w, http:\/\/www.musicart-vienna.com\/wp-content\/uploads\/2023\/04\/Keynote-speakwer-1536x1024.jpg 1536w, http:\/\/www.musicart-vienna.com\/wp-content\/uploads\/2023\/04\/Keynote-speakwer-18x12.jpg 18w, http:\/\/www.musicart-vienna.com\/wp-content\/uploads\/2023\/04\/Keynote-speakwer-1035x690.jpg 1035w, http:\/\/www.musicart-vienna.com\/wp-content\/uploads\/2023\/04\/Keynote-speakwer.jpg 1600w\" sizes=\"(max-width: 900px) 100vw, 900px\" \/>\t\t\t\t\t\t\t\t\t\t\t\t\t\t\t<\/div>\n\t\t\t\t<\/div>\n\t\t\t\t\t<\/div>\n\t\t<\/div>\n\t\t\t\t<div class=\"elementor-column elementor-col-50 elementor-inner-column elementor-element elementor-element-300c5e1\" data-id=\"300c5e1\" data-element_type=\"column\">\n\t\t\t<div class=\"elementor-widget-wrap\">\n\t\t\t\t\t\t\t\t\t<\/div>\n\t\t<\/div>\n\t\t\t\t\t\t\t<\/div>\n\t\t<\/section>\n\t\t\t\t\t<\/div>\n\t\t<\/div>\n\t\t\t\t\t\t\t<\/div>\n\t\t<\/section>\n\t\t\t\t\t\t\t<\/div>","protected":false},"excerpt":{"rendered":"<p>Deine Embodied Voice &#8211; dein Impact als Speaker &#038; Keynote Speaker Du bist Speaker, Keynote Speaker oder tr\u00e4umst davon einer zu sein? Du&hellip;<\/p>","protected":false},"author":1,"featured_media":0,"parent":0,"menu_order":0,"comment_status":"closed","ping_status":"closed","template":"elementor_canvas","meta":{"footnotes":""},"class_list":["post-2759","page","type-page","status-publish","hentry"],"_links":{"self":[{"href":"http:\/\/www.musicart-vienna.com\/de\/wp-json\/wp\/v2\/pages\/2759"}],"collection":[{"href":"http:\/\/www.musicart-vienna.com\/de\/wp-json\/wp\/v2\/pages"}],"about":[{"href":"http:\/\/www.musicart-vienna.com\/de\/wp-json\/wp\/v2\/types\/page"}],"author":[{"embeddable":true,"href":"http:\/\/www.musicart-vienna.com\/de\/wp-json\/wp\/v2\/users\/1"}],"replies":[{"embeddable":true,"href":"http:\/\/www.musicart-vienna.com\/de\/wp-json\/wp\/v2\/comments?post=2759"}],"version-history":[{"count":5,"href":"http:\/\/www.musicart-vienna.com\/de\/wp-json\/wp\/v2\/pages\/2759\/revisions"}],"predecessor-version":[{"id":2766,"href":"http:\/\/www.musicart-vienna.com\/de\/wp-json\/wp\/v2\/pages\/2759\/revisions\/2766"}],"wp:attachment":[{"href":"http:\/\/www.musicart-vienna.com\/de\/wp-json\/wp\/v2\/media?parent=2759"}],"curies":[{"name":"wp","href":"https:\/\/api.w.org\/{rel}","templated":true}]}}